{"id":392,"date":"2020-07-10T07:17:53","date_gmt":"2020-07-10T07:17:53","guid":{"rendered":"https:\/\/fincamps.com\/ca\/?page_id=392"},"modified":"2020-07-10T07:17:53","modified_gmt":"2020-07-10T07:17:53","slug":"inmobiliaria-sant-quirze","status":"publish","type":"page","link":"https:\/\/fincamps.com\/ca\/inmobiliaria-sant-quirze\/","title":{"rendered":"Inmobiliaria Sant Quirze"},"content":{"rendered":"<div class=\"wpb-content-wrapper\"><p>[vc_row][vc_column]<div class=\"boc_spacing \" style=\"height: 20px\"><\/div>[vc_row_inner][vc_column_inner width=&#8221;1\/2&#8243;][vc_column_text css_animation=&#8221;boc_animate_when_almost_visible boc_left-to-right&#8221;]Fincamps es una <strong>inmobiliaria<\/strong> en <strong>Sant Quirze<\/strong> que trabaja en el sector de la compraventa desde 1990, para ofrecer el mejor servicio de compra, venta y alquiler de viviendas, as\u00ed como espacios industriales, comerciales y suelo industrial. En nuestra <strong>inmobiliaria<\/strong> en <strong>Sant Quirze<\/strong> trabajamos la gesti\u00f3n y la rentabilizaci\u00f3n de Patrimonios y todos aquellos tr\u00e1mites que sean necesarios, para ayudar a nuestros clientes a conseguir su objetivo de vender, comprar o alquiler un espacio de la forma m\u00e1s segura y r\u00e1pida posible.<\/p>\n<p>Tras m\u00e1s de 25 a\u00f1os trabajando en el sector inmobiliario en Sabadell, desde nuestra inmobiliaria vamos a ayudarte a conseguir tu objetivo de la forma m\u00e1s f\u00e1cil y segura posible, mediante nuestras herramientas y experiencia, para el tr\u00e1mite de las gestiones m\u00e1s complejas y pesadas, como pueden ser las visitas, los certificados, las licencias\u2026<\/p>\n<p>Gracias a un servicio profesional, c\u00f3modo, r\u00e1pido y riguroso, conseguimos propuestas personalizadas y adaptadas a las necesidades y preferencias de cada uno de nuestros clientes. Disponemos de una s\u00f3lida y fiable cartera de clientes, tanto profesionales como particulares, que pueden estar interesados en su inmueble, ya que buscan en la zona de Sabadell y eso hace que la b\u00fasqueda sea m\u00e1s concreta y las personas interesadas es m\u00e1s posible que compren su vivienda.<\/p>\n<p>A trav\u00e9s de un filtro, el cliente puede acotar su b\u00fasqueda y centrarla en la ubicaci\u00f3n que le interesa, los metros cuadrados que est\u00e1 buscando o el precio. De esta manera, se consigue una b\u00fasqueda m\u00e1s intuitiva e inteligente y se consigue un proceso mucho m\u00e1s eficaz para los clientes.<\/p>\n<p>Desde nuestra <strong>inmobiliaria<\/strong> en <strong>Sant Quirze<\/strong> ofrecemos un amplio margen de actuaci\u00f3n y una gran bolsa de oportunidades inmobiliarias, abarcando distintas posibilidades dentro de la ciudad de Sabadell. Contamos con un equipo especializado, que consigue estar a la altura de cada situaci\u00f3n y que se ocupa de ayudar, en todo momento, al cliente que quiere vender, comprar o alquilar un espacio en Sabadell.<\/p>\n<p>Podemos ofrecer todas las garant\u00edas en nuestro trabajo, gracias a los a\u00f1os de experiencia, la especializaci\u00f3n del sector y la formaci\u00f3n, ya que actuamos con la tutela del Agente de la Propiedad Inmobiliaria, el sr. Josep Camps Mart\u00ed, con n\u00famero de colegiado 1821 en el Ilustre Colegio Oficial de la Propiedad Inmobiliaria de Barcelona y de su provincia. Mantenemos tambi\u00e9n vigente la p\u00f3liza correspondiente de Responsabilidad Civil, que es necesaria para el desarrollo de nuestra profesi\u00f3n.<\/p>\n<p>Desde nuestra <strong>inmobiliaria<\/strong> en <strong>Sant Quirze<\/strong> tambi\u00e9n podemos ocuparnos de valorar su inmueble, teniendo en cuenta las particularidades del mismo y los precios reales del mercado. De esta forma, desde Fincamps no solo podemos ocuparnos de publicar el anuncio de su inmueble, sino que tambi\u00e9n podemos llevar a cabo los tr\u00e1mites de gesti\u00f3n de los certificados, la nota simple de la vivienda, aceptaciones de herencia, declaraciones de obra nueva, cancelaciones de carga, gesti\u00f3n de alquileres, etc.[\/vc_column_text][\/vc_column_inner][vc_column_inner width=&#8221;1\/2&#8243;][vc_single_image image=&#8221;47&#8243;]<div class=\"boc_spacing \" style=\"height: 20px\"><\/div><div class=\"text_box  boc_animate_when_almost_visible boc_bottom-to-top\"><div class=\"text_box_content with_button\"><h2>\u00bfQuieres vender tu inmueble?<\/h2>\n\t\t\t\t\t<p>Disponemos de una s\u00f3lida cartera de clientes, tanto particulares como profesionales que pueden estar interesados en adquirir su inmueble.<\/p>\n\t\t\t\t<\/div><div class=\"btn_holder\"><a\thref=\"\/vendemos-su-inmueble\/\" \n\t\t\t\t\tclass=\"button  btn_medium btn_theme_color btn_rounded btn_normal_style  \"  target='_self'><span>M\u00e1s informaci\u00f3n<\/span><\/a><\/div><\/div>[vc_single_image image=&#8221;289&#8243;][\/vc_column_inner][\/vc_row_inner]<div class=\"boc_spacing \" style=\"height: 20px\"><\/div>[\/vc_column][\/vc_row][vc_row css_animation=&#8221;fadeInUp&#8221; bg_type=&#8221;bg_color&#8221; bg_override=&#8221;ex-full&#8221; bg_color_value=&#8221;#146266&#8243;][vc_column]<div class=\"boc_spacing \" style=\"height: 32px\"><\/div>[vc_row_inner][vc_column_inner width=&#8221;1\/2&#8243;][vc_column_text]<\/p>\n<h3><span style=\"color: #ffffff;\">Contacte amb nosaltres<\/span><\/h3>\n<p>[\/vc_column_text][vc_column_text el_class=&#8221;datoscontacto&#8221;]FINCAMPS ASSESSORS<br \/>\nCR. SANT JOAN, 39 08202 SABADELL<br \/>\nBARCELONA<\/p>\n<p>Telf.: 937 48 48 48<br \/>\nFax: 937 48 01 33<br \/>\nrecepcio@fincamps.com<\/p>\n<p><iframe loading=\"lazy\" style=\"border: 0;\" src=\"https:\/\/www.google.com\/maps\/embed?pb=!1m14!1m8!1m3!1d11944.041426538752!2d2.1098092!3d41.547373!3m2!1i1024!2i768!4f13.1!3m3!1m2!1s0x0%3A0xb12fd652aaeee800!2sFincamps!5e0!3m2!1ses!2ses!4v1582972878311!5m2!1ses!2ses\" width=\"450\" height=\"450\" frameborder=\"0\" allowfullscreen=\"allowfullscreen\"><\/iframe>[\/vc_column_text][\/vc_column_inner][vc_column_inner el_class=&#8221;datoscontacto&#8221; width=&#8221;1\/2&#8243;][vc_column_text]<\/p>\n<h3><span style=\"color: #ffffff;\">Formulari de contacte<\/span><\/h3>\n<p>[\/vc_column_text]\n<div class=\"wpcf7 no-js\" id=\"wpcf7-f254-o1\" lang=\"es-ES\" dir=\"ltr\" data-wpcf7-id=\"254\">\n<div class=\"screen-reader-response\"><p role=\"status\" aria-live=\"polite\" aria-atomic=\"true\"><\/p> <ul><\/ul><\/div>\n<form action=\"\/ca\/wp-json\/wp\/v2\/pages\/392#wpcf7-f254-o1\" method=\"post\" class=\"wpcf7-form init\" aria-label=\"Formulario de contacto\" novalidate=\"novalidate\" data-status=\"init\">\n<fieldset class=\"hidden-fields-container\"><input type=\"hidden\" name=\"_wpcf7\" value=\"254\" \/><input type=\"hidden\" name=\"_wpcf7_version\" value=\"6.1.3\" \/><input type=\"hidden\" name=\"_wpcf7_locale\" value=\"es_ES\" \/><input type=\"hidden\" name=\"_wpcf7_unit_tag\" value=\"wpcf7-f254-o1\" \/><input type=\"hidden\" name=\"_wpcf7_container_post\" value=\"0\" \/><input type=\"hidden\" name=\"_wpcf7_posted_data_hash\" value=\"\" \/><input type=\"hidden\" name=\"_wpcf7_recaptcha_response\" value=\"\" \/>\n<\/fieldset>\n<p><label> Nom (requerit)<br \/>\n<span class=\"wpcf7-form-control-wrap\" data-name=\"your-name\"><input size=\"40\" maxlength=\"400\" class=\"wpcf7-form-control wpcf7-text wpcf7-validates-as-required\" aria-required=\"true\" aria-invalid=\"false\" value=\"\" type=\"text\" name=\"your-name\" \/><\/span> <\/label>\n<\/p>\n<p><label> Email (requerit)<br \/>\n<span class=\"wpcf7-form-control-wrap\" data-name=\"your-email\"><input size=\"40\" maxlength=\"400\" class=\"wpcf7-form-control wpcf7-email wpcf7-validates-as-required wpcf7-text wpcf7-validates-as-email\" aria-required=\"true\" aria-invalid=\"false\" value=\"\" type=\"email\" name=\"your-email\" \/><\/span> <\/label>\n<\/p>\n<p><label> Assumpte<br \/>\n<span class=\"wpcf7-form-control-wrap\" data-name=\"your-subject\"><input size=\"40\" maxlength=\"400\" class=\"wpcf7-form-control wpcf7-text\" aria-invalid=\"false\" value=\"\" type=\"text\" name=\"your-subject\" \/><\/span> <\/label>\n<\/p>\n<p><label> Tel\u00e8fon<br \/>\n<span class=\"wpcf7-form-control-wrap\" data-name=\"telf\"><input size=\"40\" maxlength=\"400\" class=\"wpcf7-form-control wpcf7-text wpcf7-validates-as-required\" aria-required=\"true\" aria-invalid=\"false\" value=\"\" type=\"text\" name=\"telf\" \/><\/span> <\/label>\n<\/p>\n<p><label> Missatge<br \/>\n<span class=\"wpcf7-form-control-wrap\" data-name=\"your-message\"><textarea cols=\"40\" rows=\"10\" maxlength=\"2000\" class=\"wpcf7-form-control wpcf7-textarea\" aria-invalid=\"false\" name=\"your-message\"><\/textarea><\/span> <\/label>\n<\/p>\n<span class=\"wpcf7-form-control-wrap recaptcha\" data-name=\"recaptcha\"><span data-sitekey=\"6LepfOUUAAAAANfKPyNeAYiFQrUvOYmt8h31Q0uw\" class=\"wpcf7-form-control wpcf7-recaptcha g-recaptcha\"><\/span>\r\n<noscript>\r\n\t<div class=\"grecaptcha-noscript\">\r\n\t\t<iframe loading=\"lazy\" src=\"https:\/\/www.google.com\/recaptcha\/api\/fallback?k=6LepfOUUAAAAANfKPyNeAYiFQrUvOYmt8h31Q0uw\" frameborder=\"0\" scrolling=\"no\" width=\"310\" height=\"430\">\r\n\t\t<\/iframe>\r\n\t\t<textarea name=\"g-recaptcha-response\" rows=\"3\" cols=\"40\" placeholder=\"Aqu\u00ed la respuesta de reCAPTCHA\">\r\n\t\t<\/textarea>\r\n\t<\/div>\r\n<\/noscript>\r\n<\/span>\n<p><span id=\"wpcf7-69f5c2be98b36-wrapper\" class=\"wpcf7-form-control-wrap honeypot-414-wrap\" style=\"display:none !important; visibility:hidden !important;\"><label for=\"wpcf7-69f5c2be98b36-field\" class=\"hp-message\">Por favor, deja este campo vac\u00edo.<\/label><input id=\"wpcf7-69f5c2be98b36-field\"  class=\"wpcf7-form-control wpcf7-text\" type=\"text\" name=\"honeypot-414\" value=\"\" size=\"40\" tabindex=\"-1\" autocomplete=\"new-password\" \/><\/span>\n<\/p>\n<p><input class=\"wpcf7-form-control wpcf7-submit has-spinner\" type=\"submit\" value=\"Enviar\" \/>\n<\/p><p style=\"display: none !important;\" class=\"akismet-fields-container\" data-prefix=\"_wpcf7_ak_\"><label>&#916;<textarea name=\"_wpcf7_ak_hp_textarea\" cols=\"45\" rows=\"8\" maxlength=\"100\"><\/textarea><\/label><input type=\"hidden\" id=\"ak_js_1\" name=\"_wpcf7_ak_js\" value=\"181\"\/><script>document.getElementById( \"ak_js_1\" ).setAttribute( \"value\", ( new Date() ).getTime() );<\/script><\/p><div class=\"wpcf7-response-output\" aria-hidden=\"true\"><\/div>\n<\/form>\n<\/div>\n[\/vc_column_inner][\/vc_row_inner]<div class=\"boc_spacing \" style=\"height: 32px\"><\/div>[\/vc_column][\/vc_row]<\/p>\n<\/div>","protected":false},"excerpt":{"rendered":"<p>[vc_row][vc_column][vc_row_inner][vc_column_inner width=&#8221;1\/2&#8243;][vc_column_text css_animation=&#8221;boc_animate_when_almost_visible boc_left-to-right&#8221;]Fincamps es una inmobiliaria en Sant Quirze que trabaja en el sector de la compraventa desde 1990, para ofrecer el mejor servicio de compra, venta y alquiler de viviendas, as\u00ed como espacios industriales, comerciales y suelo industrial. En nuestra inmobiliaria en Sant Quirze trabajamos la gesti\u00f3n y la rentabilizaci\u00f3n de Patrimonios y todos aquellos tr\u00e1mites que sean<\/p>\n<div class=\"h10\"><\/div>\n<p><a class=\"more-link1\" href=\"https:\/\/fincamps.com\/ca\/inmobiliaria-sant-quirze\/\">Read more<\/a><\/p>\n","protected":false},"author":1,"featured_media":0,"parent":0,"menu_order":0,"comment_status":"closed","ping_status":"closed","template":"","meta":{"footnotes":""},"class_list":["post-392","page","type-page","status-publish","hentry"],"yoast_head":"<!-- This site is optimized with the Yoast SEO plugin v26.2 - https:\/\/yoast.com\/wordpress\/plugins\/seo\/ -->\n<title>Inmobiliaria Sant Quirze - FINCAMPS - Inmobiliaria de Sabadell<\/title>\n<meta name=\"robots\" content=\"index, follow, max-snippet:-1, max-image-preview:large, max-video-preview:-1\" \/>\n<link rel=\"canonical\" href=\"https:\/\/fincamps.com\/ca\/inmobiliaria-sant-quirze\/\" \/>\n<meta property=\"og:locale\" content=\"ca_ES\" \/>\n<meta property=\"og:type\" content=\"article\" \/>\n<meta property=\"og:title\" content=\"Inmobiliaria Sant Quirze - FINCAMPS - Inmobiliaria de Sabadell\" \/>\n<meta property=\"og:description\" content=\"[vc_row][vc_column][vc_row_inner][vc_column_inner width=&#8221;1\/2&#8243;][vc_column_text css_animation=&#8221;boc_animate_when_almost_visible boc_left-to-right&#8221;]Fincamps es una inmobiliaria en Sant Quirze que trabaja en el sector de la compraventa desde 1990, para ofrecer el mejor servicio de compra, venta y alquiler de viviendas, as\u00ed como espacios industriales, comerciales y suelo industrial. En nuestra inmobiliaria en Sant Quirze trabajamos la gesti\u00f3n y la rentabilizaci\u00f3n de Patrimonios y todos aquellos tr\u00e1mites que seanRead more\" \/>\n<meta property=\"og:url\" content=\"https:\/\/fincamps.com\/ca\/inmobiliaria-sant-quirze\/\" \/>\n<meta property=\"og:site_name\" content=\"FINCAMPS - Inmobiliaria de Sabadell\" \/>\n<meta name=\"twitter:card\" content=\"summary_large_image\" \/>\n<meta name=\"twitter:label1\" content=\"Temps estimat de lectura\" \/>\n\t<meta name=\"twitter:data1\" content=\"4 minuts\" \/>\n<script type=\"application\/ld+json\" class=\"yoast-schema-graph\">{\"@context\":\"https:\/\/schema.org\",\"@graph\":[{\"@type\":\"WebPage\",\"@id\":\"https:\/\/fincamps.com\/ca\/inmobiliaria-sant-quirze\/\",\"url\":\"https:\/\/fincamps.com\/ca\/inmobiliaria-sant-quirze\/\",\"name\":\"Inmobiliaria Sant Quirze - FINCAMPS - Inmobiliaria de Sabadell\",\"isPartOf\":{\"@id\":\"https:\/\/fincamps.com\/#website\"},\"datePublished\":\"2020-07-10T07:17:53+00:00\",\"breadcrumb\":{\"@id\":\"https:\/\/fincamps.com\/ca\/inmobiliaria-sant-quirze\/#breadcrumb\"},\"inLanguage\":\"ca\",\"potentialAction\":[{\"@type\":\"ReadAction\",\"target\":[\"https:\/\/fincamps.com\/ca\/inmobiliaria-sant-quirze\/\"]}]},{\"@type\":\"BreadcrumbList\",\"@id\":\"https:\/\/fincamps.com\/ca\/inmobiliaria-sant-quirze\/#breadcrumb\",\"itemListElement\":[{\"@type\":\"ListItem\",\"position\":1,\"name\":\"Portada\",\"item\":\"https:\/\/fincamps.com\/ca\/\"},{\"@type\":\"ListItem\",\"position\":2,\"name\":\"Inmobiliaria Sant Quirze\"}]},{\"@type\":\"WebSite\",\"@id\":\"https:\/\/fincamps.com\/#website\",\"url\":\"https:\/\/fincamps.com\/\",\"name\":\"FINCAMPS - Inmobiliaria de Sabadell\",\"description\":\"Inmobiliaria de Sabadell, especializada en la compra y venta de pisos, casas, oficinas y todo tipo de inmuebles y viviendas en Sabadell\",\"potentialAction\":[{\"@type\":\"SearchAction\",\"target\":{\"@type\":\"EntryPoint\",\"urlTemplate\":\"https:\/\/fincamps.com\/?s={search_term_string}\"},\"query-input\":{\"@type\":\"PropertyValueSpecification\",\"valueRequired\":true,\"valueName\":\"search_term_string\"}}],\"inLanguage\":\"ca\"}]}<\/script>\n<!-- \/ Yoast SEO plugin. -->","yoast_head_json":{"title":"Inmobiliaria Sant Quirze - FINCAMPS - Inmobiliaria de Sabadell","robots":{"index":"index","follow":"follow","max-snippet":"max-snippet:-1","max-image-preview":"max-image-preview:large","max-video-preview":"max-video-preview:-1"},"canonical":"https:\/\/fincamps.com\/ca\/inmobiliaria-sant-quirze\/","og_locale":"ca_ES","og_type":"article","og_title":"Inmobiliaria Sant Quirze - FINCAMPS - Inmobiliaria de Sabadell","og_description":"[vc_row][vc_column][vc_row_inner][vc_column_inner width=&#8221;1\/2&#8243;][vc_column_text css_animation=&#8221;boc_animate_when_almost_visible boc_left-to-right&#8221;]Fincamps es una inmobiliaria en Sant Quirze que trabaja en el sector de la compraventa desde 1990, para ofrecer el mejor servicio de compra, venta y alquiler de viviendas, as\u00ed como espacios industriales, comerciales y suelo industrial. En nuestra inmobiliaria en Sant Quirze trabajamos la gesti\u00f3n y la rentabilizaci\u00f3n de Patrimonios y todos aquellos tr\u00e1mites que seanRead more","og_url":"https:\/\/fincamps.com\/ca\/inmobiliaria-sant-quirze\/","og_site_name":"FINCAMPS - Inmobiliaria de Sabadell","twitter_card":"summary_large_image","twitter_misc":{"Temps estimat de lectura":"4 minuts"},"schema":{"@context":"https:\/\/schema.org","@graph":[{"@type":"WebPage","@id":"https:\/\/fincamps.com\/ca\/inmobiliaria-sant-quirze\/","url":"https:\/\/fincamps.com\/ca\/inmobiliaria-sant-quirze\/","name":"Inmobiliaria Sant Quirze - FINCAMPS - Inmobiliaria de Sabadell","isPartOf":{"@id":"https:\/\/fincamps.com\/#website"},"datePublished":"2020-07-10T07:17:53+00:00","breadcrumb":{"@id":"https:\/\/fincamps.com\/ca\/inmobiliaria-sant-quirze\/#breadcrumb"},"inLanguage":"ca","potentialAction":[{"@type":"ReadAction","target":["https:\/\/fincamps.com\/ca\/inmobiliaria-sant-quirze\/"]}]},{"@type":"BreadcrumbList","@id":"https:\/\/fincamps.com\/ca\/inmobiliaria-sant-quirze\/#breadcrumb","itemListElement":[{"@type":"ListItem","position":1,"name":"Portada","item":"https:\/\/fincamps.com\/ca\/"},{"@type":"ListItem","position":2,"name":"Inmobiliaria Sant Quirze"}]},{"@type":"WebSite","@id":"https:\/\/fincamps.com\/#website","url":"https:\/\/fincamps.com\/","name":"FINCAMPS - Inmobiliaria de Sabadell","description":"Inmobiliaria de Sabadell, especializada en la compra y venta de pisos, casas, oficinas y todo tipo de inmuebles y viviendas en Sabadell","potentialAction":[{"@type":"SearchAction","target":{"@type":"EntryPoint","urlTemplate":"https:\/\/fincamps.com\/?s={search_term_string}"},"query-input":{"@type":"PropertyValueSpecification","valueRequired":true,"valueName":"search_term_string"}}],"inLanguage":"ca"}]}},"_links":{"self":[{"href":"https:\/\/fincamps.com\/ca\/wp-json\/wp\/v2\/pages\/392","targetHints":{"allow":["GET"]}}],"collection":[{"href":"https:\/\/fincamps.com\/ca\/wp-json\/wp\/v2\/pages"}],"about":[{"href":"https:\/\/fincamps.com\/ca\/wp-json\/wp\/v2\/types\/page"}],"author":[{"embeddable":true,"href":"https:\/\/fincamps.com\/ca\/wp-json\/wp\/v2\/users\/1"}],"replies":[{"embeddable":true,"href":"https:\/\/fincamps.com\/ca\/wp-json\/wp\/v2\/comments?post=392"}],"version-history":[{"count":1,"href":"https:\/\/fincamps.com\/ca\/wp-json\/wp\/v2\/pages\/392\/revisions"}],"predecessor-version":[{"id":393,"href":"https:\/\/fincamps.com\/ca\/wp-json\/wp\/v2\/pages\/392\/revisions\/393"}],"wp:attachment":[{"href":"https:\/\/fincamps.com\/ca\/wp-json\/wp\/v2\/media?parent=392"}],"curies":[{"name":"wp","href":"https:\/\/api.w.org\/{rel}","templated":true}]}}