{"id":390,"date":"2020-07-10T07:17:18","date_gmt":"2020-07-10T07:17:18","guid":{"rendered":"https:\/\/fincamps.com\/ca\/?page_id=390"},"modified":"2020-07-10T07:17:18","modified_gmt":"2020-07-10T07:17:18","slug":"vendre-immoble-sabadell","status":"publish","type":"page","link":"https:\/\/fincamps.com\/ca\/vendre-immoble-sabadell\/","title":{"rendered":"Vendre immoble Sabadell"},"content":{"rendered":"<div class=\"wpb-content-wrapper\"><p>[vc_row][vc_column]<div class=\"boc_spacing \" style=\"height: 20px\"><\/div>[vc_row_inner][vc_column_inner width=&#8221;1\/2&#8243;][vc_column_text css_animation=&#8221;boc_animate_when_almost_visible boc_left-to-right&#8221;]Si est\u00e0s pensant en <strong>vendre <\/strong>un<strong> immoble <\/strong>a<strong> Sabadell<\/strong> et recomanem confiar en una empresa especialitzada i que compti amb prou experi\u00e8ncia en aquest sector, per assegurar-te els millors resultats. a Fincamps portem m\u00e9s de 25 anys treballant en la compra i venta d\u2019immobles, aix\u00ed com en la gesti\u00f3 de lloguers, en la tramitaci\u00f3 d\u2019hipoteques i en tot all\u00f2 relacionat amb el sector immobiliari, centrant la nostra cartera de clients i la nostra oferta d\u2019immobles a la ciutat de Sabadell.<\/p>\n<p>A Fincamps trobar\u00e0s una ajuda professional i un suport especialitzat en totes aquelles gestions que vulguis, com pot ser la tramitaci\u00f3 de certificats, escriptures, llic\u00e8ncies, her\u00e8ncies, c\u00e8dula d\u2019habitabilitat, valoraci\u00f3 del preu de l\u2019immoble, taxaci\u00f3&#8230; Et podem assessorar de forma especialitzada en tot all\u00f2 que necessitis i ajudar-te amb tot tipus de gestions, com pot ser l\u2019obtenci\u00f3 del certificat d\u2019efici\u00e8ncia energ\u00e8tica, la gesti\u00f3 de lloguers, cancel\u00b7lacions de c\u00e0rregues, declaracions d\u2019obra nova, confecci\u00f3 de l\u2019anunci de presentaci\u00f3 de l\u2019immoble&#8230;<\/p>\n<p>Volem ser el teu acompanyant en tot aquest proc\u00e9s de <strong>vendre <\/strong>un<strong> immoble <\/strong>a<strong> Sabadell<\/strong> i fer que assoleixis el teu objectiu el m\u00e9s r\u00e0pid possible, de la forma m\u00e9s segura i eficient. T\u2019ajudarem a treure al m\u00e0xim partit a la teva casa, destacant tot el seu valor afegit, perqu\u00e8 els possibles interessats puguin saber, realment, totes les avantatges que trobaran amb l\u2019adquisici\u00f3 del teu immoble i la decisi\u00f3 de compra sigui ferma i segura.<\/p>\n<p>Acotar la zona es important per <strong>vendre <\/strong>el teu<strong> immoble <\/strong>a<strong> Sabadell<\/strong>, ja que es molt m\u00e9s senzill arribar als possibles compradors, els quals busquen la seva nova llar en una zona concreta, mostrant inter\u00e8s en tots aquells habitatges que compleixin els seus requisits. De fet, des de la nostra p\u00e0gina web disposem d\u2019una recerca intel\u00b7ligent d\u2019immobles, a trav\u00e9s de l\u2019aplicaci\u00f3 de diferents filtres, des dels quals el possible comprador por acotar la seva cerca i trobar, de forma r\u00e0pida i efica\u00e7, all\u00f2 que est\u00e0 buscant segons la ubicaci\u00f3, pressupost o metres quadrats.<\/p>\n<p><strong>Vendre <\/strong>un<strong> immoble <\/strong>a<strong> Sabadell<\/strong> no \u00e9s f\u00e0cil, per aix\u00f2 et convidem a contractar els serveis d\u2019una immobili\u00e0ria com la nostra, ja que es la millor garantia perqu\u00e8 aquest proc\u00e9s surti b\u00e9 i puguis estalviar la major quantitat de diners i de temps possibles, tenint la seguretat de que tot sortir\u00e0 b\u00e9.<\/p>\n<p>Si vols m\u00e9s informaci\u00f3, et convidem a visitar la nostra p\u00e0gina web i omplir el formulari de contacte, per explicar-nos la teva situaci\u00f3 i com et podr\u00edem ajudar nosaltres. I, si ho prefereixes, tamb\u00e9 pots trucar al tel\u00e8fon de contacte 937 48 48 48, enviar-nos un correu electr\u00f2nic a <a href=\"mailto:recepcio@fincamps.com\">recepcio@fincamps.com<\/a> o b\u00e9 pots venir, personalment, a les nostres oficines del Carrer Sant Joan, 39, 08202, a Sabadell, Barcelona.[\/vc_column_text][\/vc_column_inner][vc_column_inner width=&#8221;1\/2&#8243;][vc_single_image image=&#8221;47&#8243;]<div class=\"boc_spacing \" style=\"height: 20px\"><\/div><div class=\"text_box  boc_animate_when_almost_visible boc_bottom-to-top\"><div class=\"text_box_content with_button\"><h2>\u00bfQuieres vender tu inmueble?<\/h2>\n\t\t\t\t\t<p>Disponemos de una s\u00f3lida cartera de clientes, tanto particulares como profesionales que pueden estar interesados en adquirir su inmueble.<\/p>\n\t\t\t\t<\/div><div class=\"btn_holder\"><a\thref=\"\/vendemos-su-inmueble\/\" \n\t\t\t\t\tclass=\"button  btn_medium btn_theme_color btn_rounded btn_normal_style  \"  target='_self'><span>M\u00e1s informaci\u00f3n<\/span><\/a><\/div><\/div>[vc_single_image image=&#8221;289&#8243;][\/vc_column_inner][\/vc_row_inner]<div class=\"boc_spacing \" style=\"height: 20px\"><\/div>[\/vc_column][\/vc_row][vc_row css_animation=&#8221;fadeInUp&#8221; bg_type=&#8221;bg_color&#8221; bg_override=&#8221;ex-full&#8221; bg_color_value=&#8221;#146266&#8243;][vc_column]<div class=\"boc_spacing \" style=\"height: 32px\"><\/div>[vc_row_inner][vc_column_inner width=&#8221;1\/2&#8243;][vc_column_text]<\/p>\n<h3><span style=\"color: #ffffff;\">Contacte amb nosaltres<\/span><\/h3>\n<p>[\/vc_column_text][vc_column_text el_class=&#8221;datoscontacto&#8221;]FINCAMPS ASSESSORS<br \/>\nCR. SANT JOAN, 39 08202 SABADELL<br \/>\nBARCELONA<\/p>\n<p>Telf.: 937 48 48 48<br \/>\nFax: 937 48 01 33<br \/>\nrecepcio@fincamps.com<\/p>\n<p><iframe loading=\"lazy\" style=\"border: 0;\" src=\"https:\/\/www.google.com\/maps\/embed?pb=!1m14!1m8!1m3!1d11944.041426538752!2d2.1098092!3d41.547373!3m2!1i1024!2i768!4f13.1!3m3!1m2!1s0x0%3A0xb12fd652aaeee800!2sFincamps!5e0!3m2!1ses!2ses!4v1582972878311!5m2!1ses!2ses\" width=\"450\" height=\"450\" frameborder=\"0\" allowfullscreen=\"allowfullscreen\"><\/iframe>[\/vc_column_text][\/vc_column_inner][vc_column_inner el_class=&#8221;datoscontacto&#8221; width=&#8221;1\/2&#8243;][vc_column_text]<\/p>\n<h3><span style=\"color: #ffffff;\">Formulari de contacte<\/span><\/h3>\n<p>[\/vc_column_text]\n<div class=\"wpcf7 no-js\" id=\"wpcf7-f254-o1\" lang=\"es-ES\" dir=\"ltr\" data-wpcf7-id=\"254\">\n<div class=\"screen-reader-response\"><p role=\"status\" aria-live=\"polite\" aria-atomic=\"true\"><\/p> <ul><\/ul><\/div>\n<form action=\"\/ca\/wp-json\/wp\/v2\/pages\/390#wpcf7-f254-o1\" method=\"post\" class=\"wpcf7-form init\" aria-label=\"Formulario de contacto\" novalidate=\"novalidate\" data-status=\"init\">\n<fieldset class=\"hidden-fields-container\"><input type=\"hidden\" name=\"_wpcf7\" value=\"254\" \/><input type=\"hidden\" name=\"_wpcf7_version\" value=\"6.1.3\" \/><input type=\"hidden\" name=\"_wpcf7_locale\" value=\"es_ES\" \/><input type=\"hidden\" name=\"_wpcf7_unit_tag\" value=\"wpcf7-f254-o1\" \/><input type=\"hidden\" name=\"_wpcf7_container_post\" value=\"0\" \/><input type=\"hidden\" name=\"_wpcf7_posted_data_hash\" value=\"\" \/><input type=\"hidden\" name=\"_wpcf7_recaptcha_response\" value=\"\" \/>\n<\/fieldset>\n<p><label> Nom (requerit)<br \/>\n<span class=\"wpcf7-form-control-wrap\" data-name=\"your-name\"><input size=\"40\" maxlength=\"400\" class=\"wpcf7-form-control wpcf7-text wpcf7-validates-as-required\" aria-required=\"true\" aria-invalid=\"false\" value=\"\" type=\"text\" name=\"your-name\" \/><\/span> <\/label>\n<\/p>\n<p><label> Email (requerit)<br \/>\n<span class=\"wpcf7-form-control-wrap\" data-name=\"your-email\"><input size=\"40\" maxlength=\"400\" class=\"wpcf7-form-control wpcf7-email wpcf7-validates-as-required wpcf7-text wpcf7-validates-as-email\" aria-required=\"true\" aria-invalid=\"false\" value=\"\" type=\"email\" name=\"your-email\" \/><\/span> <\/label>\n<\/p>\n<p><label> Assumpte<br \/>\n<span class=\"wpcf7-form-control-wrap\" data-name=\"your-subject\"><input size=\"40\" maxlength=\"400\" class=\"wpcf7-form-control wpcf7-text\" aria-invalid=\"false\" value=\"\" type=\"text\" name=\"your-subject\" \/><\/span> <\/label>\n<\/p>\n<p><label> Tel\u00e8fon<br \/>\n<span class=\"wpcf7-form-control-wrap\" data-name=\"telf\"><input size=\"40\" maxlength=\"400\" class=\"wpcf7-form-control wpcf7-text wpcf7-validates-as-required\" aria-required=\"true\" aria-invalid=\"false\" value=\"\" type=\"text\" name=\"telf\" \/><\/span> <\/label>\n<\/p>\n<p><label> Missatge<br \/>\n<span class=\"wpcf7-form-control-wrap\" data-name=\"your-message\"><textarea cols=\"40\" rows=\"10\" maxlength=\"2000\" class=\"wpcf7-form-control wpcf7-textarea\" aria-invalid=\"false\" name=\"your-message\"><\/textarea><\/span> <\/label>\n<\/p>\n<span class=\"wpcf7-form-control-wrap recaptcha\" data-name=\"recaptcha\"><span data-sitekey=\"6LepfOUUAAAAANfKPyNeAYiFQrUvOYmt8h31Q0uw\" class=\"wpcf7-form-control wpcf7-recaptcha g-recaptcha\"><\/span>\r\n<noscript>\r\n\t<div class=\"grecaptcha-noscript\">\r\n\t\t<iframe loading=\"lazy\" src=\"https:\/\/www.google.com\/recaptcha\/api\/fallback?k=6LepfOUUAAAAANfKPyNeAYiFQrUvOYmt8h31Q0uw\" frameborder=\"0\" scrolling=\"no\" width=\"310\" height=\"430\">\r\n\t\t<\/iframe>\r\n\t\t<textarea name=\"g-recaptcha-response\" rows=\"3\" cols=\"40\" placeholder=\"Aqu\u00ed la respuesta de reCAPTCHA\">\r\n\t\t<\/textarea>\r\n\t<\/div>\r\n<\/noscript>\r\n<\/span>\n<p><span id=\"wpcf7-69f5d4119ecb2-wrapper\" class=\"wpcf7-form-control-wrap honeypot-414-wrap\" style=\"display:none !important; visibility:hidden !important;\"><label for=\"wpcf7-69f5d4119ecb2-field\" class=\"hp-message\">Por favor, deja este campo vac\u00edo.<\/label><input id=\"wpcf7-69f5d4119ecb2-field\"  class=\"wpcf7-form-control wpcf7-text\" type=\"text\" name=\"honeypot-414\" value=\"\" size=\"40\" tabindex=\"-1\" autocomplete=\"new-password\" \/><\/span>\n<\/p>\n<p><input class=\"wpcf7-form-control wpcf7-submit has-spinner\" type=\"submit\" value=\"Enviar\" \/>\n<\/p><p style=\"display: none !important;\" class=\"akismet-fields-container\" data-prefix=\"_wpcf7_ak_\"><label>&#916;<textarea name=\"_wpcf7_ak_hp_textarea\" cols=\"45\" rows=\"8\" maxlength=\"100\"><\/textarea><\/label><input type=\"hidden\" id=\"ak_js_1\" name=\"_wpcf7_ak_js\" value=\"233\"\/><script>document.getElementById( \"ak_js_1\" ).setAttribute( \"value\", ( new Date() ).getTime() );<\/script><\/p><div class=\"wpcf7-response-output\" aria-hidden=\"true\"><\/div>\n<\/form>\n<\/div>\n[\/vc_column_inner][\/vc_row_inner]<div class=\"boc_spacing \" style=\"height: 32px\"><\/div>[\/vc_column][\/vc_row]<\/p>\n<\/div>","protected":false},"excerpt":{"rendered":"<p>[vc_row][vc_column][vc_row_inner][vc_column_inner width=&#8221;1\/2&#8243;][vc_column_text css_animation=&#8221;boc_animate_when_almost_visible boc_left-to-right&#8221;]Si est\u00e0s pensant en vendre un immoble a Sabadell et recomanem confiar en una empresa especialitzada i que compti amb prou experi\u00e8ncia en aquest sector, per assegurar-te els millors resultats. a Fincamps portem m\u00e9s de 25 anys treballant en la compra i venta d\u2019immobles, aix\u00ed com en la gesti\u00f3 de lloguers, en la tramitaci\u00f3 d\u2019hipoteques i en<\/p>\n<div class=\"h10\"><\/div>\n<p><a class=\"more-link1\" href=\"https:\/\/fincamps.com\/ca\/vendre-immoble-sabadell\/\">Read more<\/a><\/p>\n","protected":false},"author":1,"featured_media":0,"parent":0,"menu_order":0,"comment_status":"closed","ping_status":"closed","template":"","meta":{"footnotes":""},"class_list":["post-390","page","type-page","status-publish","hentry"],"yoast_head":"<!-- This site is optimized with the Yoast SEO plugin v26.2 - https:\/\/yoast.com\/wordpress\/plugins\/seo\/ -->\n<title>Vendre immoble Sabadell - FINCAMPS - Inmobiliaria de Sabadell<\/title>\n<meta name=\"robots\" content=\"index, follow, max-snippet:-1, max-image-preview:large, max-video-preview:-1\" \/>\n<link rel=\"canonical\" href=\"https:\/\/fincamps.com\/ca\/vendre-immoble-sabadell\/\" \/>\n<meta property=\"og:locale\" content=\"ca_ES\" \/>\n<meta property=\"og:type\" content=\"article\" \/>\n<meta property=\"og:title\" content=\"Vendre immoble Sabadell - FINCAMPS - Inmobiliaria de Sabadell\" \/>\n<meta property=\"og:description\" content=\"[vc_row][vc_column][vc_row_inner][vc_column_inner width=&#8221;1\/2&#8243;][vc_column_text css_animation=&#8221;boc_animate_when_almost_visible boc_left-to-right&#8221;]Si est\u00e0s pensant en vendre un immoble a Sabadell et recomanem confiar en una empresa especialitzada i que compti amb prou experi\u00e8ncia en aquest sector, per assegurar-te els millors resultats. a Fincamps portem m\u00e9s de 25 anys treballant en la compra i venta d\u2019immobles, aix\u00ed com en la gesti\u00f3 de lloguers, en la tramitaci\u00f3 d\u2019hipoteques i enRead more\" \/>\n<meta property=\"og:url\" content=\"https:\/\/fincamps.com\/ca\/vendre-immoble-sabadell\/\" \/>\n<meta property=\"og:site_name\" content=\"FINCAMPS - Inmobiliaria de Sabadell\" \/>\n<meta name=\"twitter:card\" content=\"summary_large_image\" \/>\n<meta name=\"twitter:label1\" content=\"Temps estimat de lectura\" \/>\n\t<meta name=\"twitter:data1\" content=\"3 minuts\" \/>\n<script type=\"application\/ld+json\" class=\"yoast-schema-graph\">{\"@context\":\"https:\/\/schema.org\",\"@graph\":[{\"@type\":\"WebPage\",\"@id\":\"https:\/\/fincamps.com\/ca\/vendre-immoble-sabadell\/\",\"url\":\"https:\/\/fincamps.com\/ca\/vendre-immoble-sabadell\/\",\"name\":\"Vendre immoble Sabadell - FINCAMPS - Inmobiliaria de Sabadell\",\"isPartOf\":{\"@id\":\"https:\/\/fincamps.com\/#website\"},\"datePublished\":\"2020-07-10T07:17:18+00:00\",\"breadcrumb\":{\"@id\":\"https:\/\/fincamps.com\/ca\/vendre-immoble-sabadell\/#breadcrumb\"},\"inLanguage\":\"ca\",\"potentialAction\":[{\"@type\":\"ReadAction\",\"target\":[\"https:\/\/fincamps.com\/ca\/vendre-immoble-sabadell\/\"]}]},{\"@type\":\"BreadcrumbList\",\"@id\":\"https:\/\/fincamps.com\/ca\/vendre-immoble-sabadell\/#breadcrumb\",\"itemListElement\":[{\"@type\":\"ListItem\",\"position\":1,\"name\":\"Portada\",\"item\":\"https:\/\/fincamps.com\/ca\/\"},{\"@type\":\"ListItem\",\"position\":2,\"name\":\"Vendre immoble Sabadell\"}]},{\"@type\":\"WebSite\",\"@id\":\"https:\/\/fincamps.com\/#website\",\"url\":\"https:\/\/fincamps.com\/\",\"name\":\"FINCAMPS - Inmobiliaria de Sabadell\",\"description\":\"Inmobiliaria de Sabadell, especializada en la compra y venta de pisos, casas, oficinas y todo tipo de inmuebles y viviendas en Sabadell\",\"potentialAction\":[{\"@type\":\"SearchAction\",\"target\":{\"@type\":\"EntryPoint\",\"urlTemplate\":\"https:\/\/fincamps.com\/?s={search_term_string}\"},\"query-input\":{\"@type\":\"PropertyValueSpecification\",\"valueRequired\":true,\"valueName\":\"search_term_string\"}}],\"inLanguage\":\"ca\"}]}<\/script>\n<!-- \/ Yoast SEO plugin. -->","yoast_head_json":{"title":"Vendre immoble Sabadell - FINCAMPS - Inmobiliaria de Sabadell","robots":{"index":"index","follow":"follow","max-snippet":"max-snippet:-1","max-image-preview":"max-image-preview:large","max-video-preview":"max-video-preview:-1"},"canonical":"https:\/\/fincamps.com\/ca\/vendre-immoble-sabadell\/","og_locale":"ca_ES","og_type":"article","og_title":"Vendre immoble Sabadell - FINCAMPS - Inmobiliaria de Sabadell","og_description":"[vc_row][vc_column][vc_row_inner][vc_column_inner width=&#8221;1\/2&#8243;][vc_column_text css_animation=&#8221;boc_animate_when_almost_visible boc_left-to-right&#8221;]Si est\u00e0s pensant en vendre un immoble a Sabadell et recomanem confiar en una empresa especialitzada i que compti amb prou experi\u00e8ncia en aquest sector, per assegurar-te els millors resultats. a Fincamps portem m\u00e9s de 25 anys treballant en la compra i venta d\u2019immobles, aix\u00ed com en la gesti\u00f3 de lloguers, en la tramitaci\u00f3 d\u2019hipoteques i enRead more","og_url":"https:\/\/fincamps.com\/ca\/vendre-immoble-sabadell\/","og_site_name":"FINCAMPS - Inmobiliaria de Sabadell","twitter_card":"summary_large_image","twitter_misc":{"Temps estimat de lectura":"3 minuts"},"schema":{"@context":"https:\/\/schema.org","@graph":[{"@type":"WebPage","@id":"https:\/\/fincamps.com\/ca\/vendre-immoble-sabadell\/","url":"https:\/\/fincamps.com\/ca\/vendre-immoble-sabadell\/","name":"Vendre immoble Sabadell - FINCAMPS - Inmobiliaria de Sabadell","isPartOf":{"@id":"https:\/\/fincamps.com\/#website"},"datePublished":"2020-07-10T07:17:18+00:00","breadcrumb":{"@id":"https:\/\/fincamps.com\/ca\/vendre-immoble-sabadell\/#breadcrumb"},"inLanguage":"ca","potentialAction":[{"@type":"ReadAction","target":["https:\/\/fincamps.com\/ca\/vendre-immoble-sabadell\/"]}]},{"@type":"BreadcrumbList","@id":"https:\/\/fincamps.com\/ca\/vendre-immoble-sabadell\/#breadcrumb","itemListElement":[{"@type":"ListItem","position":1,"name":"Portada","item":"https:\/\/fincamps.com\/ca\/"},{"@type":"ListItem","position":2,"name":"Vendre immoble Sabadell"}]},{"@type":"WebSite","@id":"https:\/\/fincamps.com\/#website","url":"https:\/\/fincamps.com\/","name":"FINCAMPS - Inmobiliaria de Sabadell","description":"Inmobiliaria de Sabadell, especializada en la compra y venta de pisos, casas, oficinas y todo tipo de inmuebles y viviendas en Sabadell","potentialAction":[{"@type":"SearchAction","target":{"@type":"EntryPoint","urlTemplate":"https:\/\/fincamps.com\/?s={search_term_string}"},"query-input":{"@type":"PropertyValueSpecification","valueRequired":true,"valueName":"search_term_string"}}],"inLanguage":"ca"}]}},"_links":{"self":[{"href":"https:\/\/fincamps.com\/ca\/wp-json\/wp\/v2\/pages\/390","targetHints":{"allow":["GET"]}}],"collection":[{"href":"https:\/\/fincamps.com\/ca\/wp-json\/wp\/v2\/pages"}],"about":[{"href":"https:\/\/fincamps.com\/ca\/wp-json\/wp\/v2\/types\/page"}],"author":[{"embeddable":true,"href":"https:\/\/fincamps.com\/ca\/wp-json\/wp\/v2\/users\/1"}],"replies":[{"embeddable":true,"href":"https:\/\/fincamps.com\/ca\/wp-json\/wp\/v2\/comments?post=390"}],"version-history":[{"count":1,"href":"https:\/\/fincamps.com\/ca\/wp-json\/wp\/v2\/pages\/390\/revisions"}],"predecessor-version":[{"id":391,"href":"https:\/\/fincamps.com\/ca\/wp-json\/wp\/v2\/pages\/390\/revisions\/391"}],"wp:attachment":[{"href":"https:\/\/fincamps.com\/ca\/wp-json\/wp\/v2\/media?parent=390"}],"curies":[{"name":"wp","href":"https:\/\/api.w.org\/{rel}","templated":true}]}}