{"id":364,"date":"2020-06-25T07:14:37","date_gmt":"2020-06-25T07:14:37","guid":{"rendered":"https:\/\/fincamps.com\/ca\/?page_id=364"},"modified":"2020-06-25T07:14:37","modified_gmt":"2020-06-25T07:14:37","slug":"vendre-pis-sabadell","status":"publish","type":"page","link":"https:\/\/fincamps.com\/ca\/vendre-pis-sabadell\/","title":{"rendered":"Vendre pis Sabadell"},"content":{"rendered":"<div class=\"wpb-content-wrapper\"><p>[vc_row][vc_column]<div class=\"boc_spacing \" style=\"height: 20px\"><\/div>[vc_row_inner][vc_column_inner width=&#8221;1\/2&#8243;][vc_column_text css_animation=&#8221;boc_animate_when_almost_visible boc_left-to-right&#8221;]<strong>Vendre<\/strong> el teu <strong>pis<\/strong> a <strong>Sabadell<\/strong> no es una tasca f\u00e0cil si penses fer-ho pel teu compte, ja que es complicat gestionar tot aquest proc\u00e9s sense cap tipus d\u2019ajuda professional. A Fincamps, com a experts en el sector immobiliari, podem assessorar-te en tot moment i acompanyar-te per poder guiar-te d\u2019una forma personalitzada i especialitzada, perqu\u00e8 puguis gaudir d\u2019aquest proc\u00e9s, estalviant-te maldecaps i gestions complexes.<\/p>\n<p>Nosaltres podem ocupar-nos dels tr\u00e0mits administratius, com per exemple les llicencies, permisos, certificats i tamb\u00e9 les visites, perqu\u00e8 no hagis de perdre temps i puguis estar tranquil, de confiar en una empresa professional, que t\u2019ajudar\u00e0 sempre que ho necessitis.<\/p>\n<p>Per <strong>vendre<\/strong> el teu <strong>pis<\/strong> a <strong>Sabadell<\/strong> necessites eines professionals com per exemple un portal immobiliari, ja que es la manera m\u00e9s r\u00e0pida d\u2019arribar als possibles compradors. A Fincamps, al ser una immobili\u00e0ria local, et permet arribar m\u00e9s f\u00e0cilment a possibles compradors de Sabadell.<\/p>\n<p>Amb nosaltres trobar\u00e0s la confian\u00e7a i la professionalitat que necessites per dur a terme aquest proc\u00e9s de la manera m\u00e9s intel\u00b7ligent possible, sabent que comptes amb el millor equip.<\/p>\n<p><strong>Vendre<\/strong> el teu <strong>pis<\/strong> a <strong>Sabadell<\/strong> des de Fincamps et permetr\u00e0 fer-ho d\u2019una forma f\u00e0cil, r\u00e0pida i eficient, ja que et podem ajudar a treure el valor afegit del immoble, ajudant-te en tot el que sigui possible, des de les fotografies i la descripci\u00f3 del pis al nostre portal web, fins a la gesti\u00f3 de visites o els tr\u00e0mits legals administratius que necessitar\u00e0s, en el moment que hagis fet la venta del tu pis.<\/p>\n<p>Fincamps es presenta per ajudar i fer m\u00e9s f\u00e0cil el proc\u00e9s de <strong>vendre<\/strong> un <strong>pis<\/strong> a <strong>Sabadell<\/strong>, tenint en compte les necessitats del client, les seves prefer\u00e8ncies, assessorant-lo amb el preu de venta, informant-lo de les possibles propostes dels compradors i en tot all\u00f2 que sigui necessari, per assolir l\u2019objectiu principal que es vendre l\u2019immoble d\u2019una forma r\u00e0pida i segura.<\/p>\n<p>Si t\u2019interessa contractar els nostres serveis, no dubtis en posar-te en contacte amb nosaltres. Pots fer-ho a trav\u00e9s del nostre portal web omplint el formulari de contacte, trucant-nos per tel\u00e8fon al 937 48 48 48, enviant-nos un correu electr\u00f2nic a <a href=\"mailto:recepcio@fincamps.com\">recepcio@fincamps.com<\/a> o b\u00e9 visitant-nos personalment a CR. Sant Joan, 39, Sabadell, Barcelona. A l\u2019apartat de contacte trobar\u00e0s totes les nostres dades.<\/p>\n<p>Si el que vols \u00e9s comprar un immoble, el que t\u2019aconsellem es que utilitzis les eines de recerca d\u2019immobles del nostre web, perqu\u00e8 puguis filtrar les teves prefer\u00e8ncies i obtenir un contingut de qualitat, on apareixeran aquells immobles a Sabadell que m\u00e9s s\u2019ajusten a les teves prefer\u00e8ncies d\u2019ubicaci\u00f3, metres quadrats o preu.<\/p>\n<p style=\"text-align: justify;\">T\u2019esperem a Fincamps per <strong>vendre<\/strong> el teu <strong>pis<\/strong> a <strong>Sabadell<\/strong> de la forma m\u00e9s professional, r\u00e0pida i segura possible.<\/p>\n<p>[\/vc_column_text][\/vc_column_inner][vc_column_inner width=&#8221;1\/2&#8243;][vc_single_image image=&#8221;47&#8243;]<div class=\"boc_spacing \" style=\"height: 20px\"><\/div><div class=\"text_box  boc_animate_when_almost_visible boc_bottom-to-top\"><div class=\"text_box_content with_button\"><h2>\u00bfQuieres vender tu inmueble?<\/h2>\n\t\t\t\t\t<p>Disponemos de una s\u00f3lida cartera de clientes, tanto particulares como profesionales que pueden estar interesados en adquirir su inmueble.<\/p>\n\t\t\t\t<\/div><div class=\"btn_holder\"><a\thref=\"\/vendemos-su-inmueble\/\" \n\t\t\t\t\tclass=\"button  btn_medium btn_theme_color btn_rounded btn_normal_style  \"  target='_self'><span>M\u00e1s informaci\u00f3n<\/span><\/a><\/div><\/div>[vc_single_image image=&#8221;289&#8243;][\/vc_column_inner][\/vc_row_inner]<div class=\"boc_spacing \" style=\"height: 20px\"><\/div>[\/vc_column][\/vc_row][vc_row css_animation=&#8221;fadeInUp&#8221; bg_type=&#8221;bg_color&#8221; bg_override=&#8221;ex-full&#8221; bg_color_value=&#8221;#146266&#8243;][vc_column]<div class=\"boc_spacing \" style=\"height: 32px\"><\/div>[vc_row_inner][vc_column_inner width=&#8221;1\/2&#8243;][vc_column_text]<\/p>\n<h3><span style=\"color: #ffffff;\">Contacta con nosotros<\/span><\/h3>\n<p>[\/vc_column_text][vc_column_text el_class=&#8221;datoscontacto&#8221;]FINCAMPS ASSESSORS<br \/>\nCR. SANT JOAN, 39 08202 SABADELL<br \/>\nBARCELONA<\/p>\n<p>Telf.: 937 48 48 48<br \/>\nFax: 937 48 01 33<br \/>\nrecepcio@fincamps.com<\/p>\n<p><iframe loading=\"lazy\" style=\"border: 0;\" src=\"https:\/\/www.google.com\/maps\/embed?pb=!1m14!1m8!1m3!1d11944.041426538752!2d2.1098092!3d41.547373!3m2!1i1024!2i768!4f13.1!3m3!1m2!1s0x0%3A0xb12fd652aaeee800!2sFincamps!5e0!3m2!1ses!2ses!4v1582972878311!5m2!1ses!2ses\" width=\"450\" height=\"450\" frameborder=\"0\" allowfullscreen=\"allowfullscreen\"><\/iframe>[\/vc_column_text][\/vc_column_inner][vc_column_inner el_class=&#8221;datoscontacto&#8221; width=&#8221;1\/2&#8243;][vc_column_text]<\/p>\n<h3><span style=\"color: #ffffff;\">Formulario de contacto<\/span><\/h3>\n<p>[\/vc_column_text]\n<div class=\"wpcf7 no-js\" id=\"wpcf7-f7-o1\" lang=\"es-ES\" dir=\"ltr\" data-wpcf7-id=\"7\">\n<div class=\"screen-reader-response\"><p role=\"status\" aria-live=\"polite\" aria-atomic=\"true\"><\/p> <ul><\/ul><\/div>\n<form action=\"\/ca\/wp-json\/wp\/v2\/pages\/364#wpcf7-f7-o1\" method=\"post\" class=\"wpcf7-form init\" aria-label=\"Formulario de contacto\" novalidate=\"novalidate\" data-status=\"init\">\n<fieldset class=\"hidden-fields-container\"><input type=\"hidden\" name=\"_wpcf7\" value=\"7\" \/><input type=\"hidden\" name=\"_wpcf7_version\" value=\"6.1.3\" \/><input type=\"hidden\" name=\"_wpcf7_locale\" value=\"es_ES\" \/><input type=\"hidden\" name=\"_wpcf7_unit_tag\" value=\"wpcf7-f7-o1\" \/><input type=\"hidden\" name=\"_wpcf7_container_post\" value=\"0\" \/><input type=\"hidden\" name=\"_wpcf7_posted_data_hash\" value=\"\" \/><input type=\"hidden\" name=\"_wpcf7_recaptcha_response\" value=\"\" \/>\n<\/fieldset>\n<p><label> Nombre (requerido)<br \/>\n<span class=\"wpcf7-form-control-wrap\" data-name=\"your-name\"><input size=\"40\" maxlength=\"400\" class=\"wpcf7-form-control wpcf7-text wpcf7-validates-as-required\" aria-required=\"true\" aria-invalid=\"false\" value=\"\" type=\"text\" name=\"your-name\" \/><\/span> <\/label>\n<\/p>\n<p><label> Email (requerido)<br \/>\n<span class=\"wpcf7-form-control-wrap\" data-name=\"your-email\"><input size=\"40\" maxlength=\"400\" class=\"wpcf7-form-control wpcf7-email wpcf7-validates-as-required wpcf7-text wpcf7-validates-as-email\" aria-required=\"true\" aria-invalid=\"false\" value=\"\" type=\"email\" name=\"your-email\" \/><\/span> <\/label>\n<\/p>\n<p><label> Asunto<br \/>\n<span class=\"wpcf7-form-control-wrap\" data-name=\"your-subject\"><input size=\"40\" maxlength=\"400\" class=\"wpcf7-form-control wpcf7-text\" aria-invalid=\"false\" value=\"\" type=\"text\" name=\"your-subject\" \/><\/span> <\/label>\n<\/p>\n<p><label> Tel\u00e9fono<br \/>\n<span class=\"wpcf7-form-control-wrap\" data-name=\"telf\"><input size=\"40\" maxlength=\"400\" class=\"wpcf7-form-control wpcf7-text wpcf7-validates-as-required\" aria-required=\"true\" aria-invalid=\"false\" value=\"\" type=\"text\" name=\"telf\" \/><\/span> <\/label>\n<\/p>\n<p><label> Mensaje<br \/>\n<span class=\"wpcf7-form-control-wrap\" data-name=\"your-message\"><textarea cols=\"40\" rows=\"10\" maxlength=\"2000\" class=\"wpcf7-form-control wpcf7-textarea\" aria-invalid=\"false\" name=\"your-message\"><\/textarea><\/span> <\/label>\n<\/p>\n<span class=\"wpcf7-form-control-wrap recaptcha\" data-name=\"recaptcha\"><span data-sitekey=\"6LepfOUUAAAAANfKPyNeAYiFQrUvOYmt8h31Q0uw\" class=\"wpcf7-form-control wpcf7-recaptcha g-recaptcha\"><\/span>\r\n<noscript>\r\n\t<div class=\"grecaptcha-noscript\">\r\n\t\t<iframe loading=\"lazy\" src=\"https:\/\/www.google.com\/recaptcha\/api\/fallback?k=6LepfOUUAAAAANfKPyNeAYiFQrUvOYmt8h31Q0uw\" frameborder=\"0\" scrolling=\"no\" width=\"310\" height=\"430\">\r\n\t\t<\/iframe>\r\n\t\t<textarea name=\"g-recaptcha-response\" rows=\"3\" cols=\"40\" placeholder=\"Aqu\u00ed la respuesta de reCAPTCHA\">\r\n\t\t<\/textarea>\r\n\t<\/div>\r\n<\/noscript>\r\n<\/span>\n<p><span id=\"wpcf7-69f5eba4a8c01-wrapper\" class=\"wpcf7-form-control-wrap honeypot-48-wrap\" style=\"display:none !important; visibility:hidden !important;\"><label for=\"wpcf7-69f5eba4a8c01-field\" class=\"hp-message\">Por favor, deja este campo vac\u00edo.<\/label><input id=\"wpcf7-69f5eba4a8c01-field\"  class=\"wpcf7-form-control wpcf7-text\" type=\"text\" name=\"honeypot-48\" value=\"\" size=\"40\" tabindex=\"-1\" autocomplete=\"new-password\" \/><\/span>\n<\/p>\n<p><input class=\"wpcf7-form-control wpcf7-submit has-spinner\" type=\"submit\" value=\"Enviar\" \/>\n<\/p><p style=\"display: none !important;\" class=\"akismet-fields-container\" data-prefix=\"_wpcf7_ak_\"><label>&#916;<textarea name=\"_wpcf7_ak_hp_textarea\" cols=\"45\" rows=\"8\" maxlength=\"100\"><\/textarea><\/label><input type=\"hidden\" id=\"ak_js_1\" name=\"_wpcf7_ak_js\" value=\"200\"\/><script>document.getElementById( \"ak_js_1\" ).setAttribute( \"value\", ( new Date() ).getTime() );<\/script><\/p><div class=\"wpcf7-response-output\" aria-hidden=\"true\"><\/div>\n<\/form>\n<\/div>\n[\/vc_column_inner][\/vc_row_inner]<div class=\"boc_spacing \" style=\"height: 32px\"><\/div>[\/vc_column][\/vc_row]<\/p>\n<\/div>","protected":false},"excerpt":{"rendered":"<p>[vc_row][vc_column][vc_row_inner][vc_column_inner width=&#8221;1\/2&#8243;][vc_column_text css_animation=&#8221;boc_animate_when_almost_visible boc_left-to-right&#8221;]Vendre el teu pis a Sabadell no es una tasca f\u00e0cil si penses fer-ho pel teu compte, ja que es complicat gestionar tot aquest proc\u00e9s sense cap tipus d\u2019ajuda professional. A Fincamps, com a experts en el sector immobiliari, podem assessorar-te en tot moment i acompanyar-te per poder guiar-te d\u2019una forma personalitzada i especialitzada, perqu\u00e8 puguis gaudir<\/p>\n<div class=\"h10\"><\/div>\n<p><a class=\"more-link1\" href=\"https:\/\/fincamps.com\/ca\/vendre-pis-sabadell\/\">Read more<\/a><\/p>\n","protected":false},"author":1,"featured_media":0,"parent":0,"menu_order":0,"comment_status":"closed","ping_status":"closed","template":"","meta":{"footnotes":""},"class_list":["post-364","page","type-page","status-publish","hentry"],"yoast_head":"<!-- This site is optimized with the Yoast SEO plugin v26.2 - https:\/\/yoast.com\/wordpress\/plugins\/seo\/ -->\n<title>Vendre pis Sabadell - FINCAMPS - Inmobiliaria de Sabadell<\/title>\n<meta name=\"robots\" content=\"index, follow, max-snippet:-1, max-image-preview:large, max-video-preview:-1\" \/>\n<link rel=\"canonical\" href=\"https:\/\/fincamps.com\/ca\/vendre-pis-sabadell\/\" \/>\n<meta property=\"og:locale\" content=\"ca_ES\" \/>\n<meta property=\"og:type\" content=\"article\" \/>\n<meta property=\"og:title\" content=\"Vendre pis Sabadell - FINCAMPS - Inmobiliaria de Sabadell\" \/>\n<meta property=\"og:description\" content=\"[vc_row][vc_column][vc_row_inner][vc_column_inner width=&#8221;1\/2&#8243;][vc_column_text css_animation=&#8221;boc_animate_when_almost_visible boc_left-to-right&#8221;]Vendre el teu pis a Sabadell no es una tasca f\u00e0cil si penses fer-ho pel teu compte, ja que es complicat gestionar tot aquest proc\u00e9s sense cap tipus d\u2019ajuda professional. A Fincamps, com a experts en el sector immobiliari, podem assessorar-te en tot moment i acompanyar-te per poder guiar-te d\u2019una forma personalitzada i especialitzada, perqu\u00e8 puguis gaudirRead more\" \/>\n<meta property=\"og:url\" content=\"https:\/\/fincamps.com\/ca\/vendre-pis-sabadell\/\" \/>\n<meta property=\"og:site_name\" content=\"FINCAMPS - Inmobiliaria de Sabadell\" \/>\n<meta name=\"twitter:card\" content=\"summary_large_image\" \/>\n<meta name=\"twitter:label1\" content=\"Temps estimat de lectura\" \/>\n\t<meta name=\"twitter:data1\" content=\"3 minuts\" \/>\n<script type=\"application\/ld+json\" class=\"yoast-schema-graph\">{\"@context\":\"https:\/\/schema.org\",\"@graph\":[{\"@type\":\"WebPage\",\"@id\":\"https:\/\/fincamps.com\/ca\/vendre-pis-sabadell\/\",\"url\":\"https:\/\/fincamps.com\/ca\/vendre-pis-sabadell\/\",\"name\":\"Vendre pis Sabadell - FINCAMPS - Inmobiliaria de Sabadell\",\"isPartOf\":{\"@id\":\"https:\/\/fincamps.com\/#website\"},\"datePublished\":\"2020-06-25T07:14:37+00:00\",\"breadcrumb\":{\"@id\":\"https:\/\/fincamps.com\/ca\/vendre-pis-sabadell\/#breadcrumb\"},\"inLanguage\":\"ca\",\"potentialAction\":[{\"@type\":\"ReadAction\",\"target\":[\"https:\/\/fincamps.com\/ca\/vendre-pis-sabadell\/\"]}]},{\"@type\":\"BreadcrumbList\",\"@id\":\"https:\/\/fincamps.com\/ca\/vendre-pis-sabadell\/#breadcrumb\",\"itemListElement\":[{\"@type\":\"ListItem\",\"position\":1,\"name\":\"Portada\",\"item\":\"https:\/\/fincamps.com\/ca\/\"},{\"@type\":\"ListItem\",\"position\":2,\"name\":\"Vendre pis Sabadell\"}]},{\"@type\":\"WebSite\",\"@id\":\"https:\/\/fincamps.com\/#website\",\"url\":\"https:\/\/fincamps.com\/\",\"name\":\"FINCAMPS - Inmobiliaria de Sabadell\",\"description\":\"Inmobiliaria de Sabadell, especializada en la compra y venta de pisos, casas, oficinas y todo tipo de inmuebles y viviendas en Sabadell\",\"potentialAction\":[{\"@type\":\"SearchAction\",\"target\":{\"@type\":\"EntryPoint\",\"urlTemplate\":\"https:\/\/fincamps.com\/?s={search_term_string}\"},\"query-input\":{\"@type\":\"PropertyValueSpecification\",\"valueRequired\":true,\"valueName\":\"search_term_string\"}}],\"inLanguage\":\"ca\"}]}<\/script>\n<!-- \/ Yoast SEO plugin. -->","yoast_head_json":{"title":"Vendre pis Sabadell - FINCAMPS - Inmobiliaria de Sabadell","robots":{"index":"index","follow":"follow","max-snippet":"max-snippet:-1","max-image-preview":"max-image-preview:large","max-video-preview":"max-video-preview:-1"},"canonical":"https:\/\/fincamps.com\/ca\/vendre-pis-sabadell\/","og_locale":"ca_ES","og_type":"article","og_title":"Vendre pis Sabadell - FINCAMPS - Inmobiliaria de Sabadell","og_description":"[vc_row][vc_column][vc_row_inner][vc_column_inner width=&#8221;1\/2&#8243;][vc_column_text css_animation=&#8221;boc_animate_when_almost_visible boc_left-to-right&#8221;]Vendre el teu pis a Sabadell no es una tasca f\u00e0cil si penses fer-ho pel teu compte, ja que es complicat gestionar tot aquest proc\u00e9s sense cap tipus d\u2019ajuda professional. A Fincamps, com a experts en el sector immobiliari, podem assessorar-te en tot moment i acompanyar-te per poder guiar-te d\u2019una forma personalitzada i especialitzada, perqu\u00e8 puguis gaudirRead more","og_url":"https:\/\/fincamps.com\/ca\/vendre-pis-sabadell\/","og_site_name":"FINCAMPS - Inmobiliaria de Sabadell","twitter_card":"summary_large_image","twitter_misc":{"Temps estimat de lectura":"3 minuts"},"schema":{"@context":"https:\/\/schema.org","@graph":[{"@type":"WebPage","@id":"https:\/\/fincamps.com\/ca\/vendre-pis-sabadell\/","url":"https:\/\/fincamps.com\/ca\/vendre-pis-sabadell\/","name":"Vendre pis Sabadell - FINCAMPS - Inmobiliaria de Sabadell","isPartOf":{"@id":"https:\/\/fincamps.com\/#website"},"datePublished":"2020-06-25T07:14:37+00:00","breadcrumb":{"@id":"https:\/\/fincamps.com\/ca\/vendre-pis-sabadell\/#breadcrumb"},"inLanguage":"ca","potentialAction":[{"@type":"ReadAction","target":["https:\/\/fincamps.com\/ca\/vendre-pis-sabadell\/"]}]},{"@type":"BreadcrumbList","@id":"https:\/\/fincamps.com\/ca\/vendre-pis-sabadell\/#breadcrumb","itemListElement":[{"@type":"ListItem","position":1,"name":"Portada","item":"https:\/\/fincamps.com\/ca\/"},{"@type":"ListItem","position":2,"name":"Vendre pis Sabadell"}]},{"@type":"WebSite","@id":"https:\/\/fincamps.com\/#website","url":"https:\/\/fincamps.com\/","name":"FINCAMPS - Inmobiliaria de Sabadell","description":"Inmobiliaria de Sabadell, especializada en la compra y venta de pisos, casas, oficinas y todo tipo de inmuebles y viviendas en Sabadell","potentialAction":[{"@type":"SearchAction","target":{"@type":"EntryPoint","urlTemplate":"https:\/\/fincamps.com\/?s={search_term_string}"},"query-input":{"@type":"PropertyValueSpecification","valueRequired":true,"valueName":"search_term_string"}}],"inLanguage":"ca"}]}},"_links":{"self":[{"href":"https:\/\/fincamps.com\/ca\/wp-json\/wp\/v2\/pages\/364","targetHints":{"allow":["GET"]}}],"collection":[{"href":"https:\/\/fincamps.com\/ca\/wp-json\/wp\/v2\/pages"}],"about":[{"href":"https:\/\/fincamps.com\/ca\/wp-json\/wp\/v2\/types\/page"}],"author":[{"embeddable":true,"href":"https:\/\/fincamps.com\/ca\/wp-json\/wp\/v2\/users\/1"}],"replies":[{"embeddable":true,"href":"https:\/\/fincamps.com\/ca\/wp-json\/wp\/v2\/comments?post=364"}],"version-history":[{"count":1,"href":"https:\/\/fincamps.com\/ca\/wp-json\/wp\/v2\/pages\/364\/revisions"}],"predecessor-version":[{"id":365,"href":"https:\/\/fincamps.com\/ca\/wp-json\/wp\/v2\/pages\/364\/revisions\/365"}],"wp:attachment":[{"href":"https:\/\/fincamps.com\/ca\/wp-json\/wp\/v2\/media?parent=364"}],"curies":[{"name":"wp","href":"https:\/\/api.w.org\/{rel}","templated":true}]}}