{"id":360,"date":"2020-06-25T07:13:21","date_gmt":"2020-06-25T07:13:21","guid":{"rendered":"https:\/\/fincamps.com\/ca\/?page_id=360"},"modified":"2020-06-25T07:13:21","modified_gmt":"2020-06-25T07:13:21","slug":"llogar-pis-sabadell","status":"publish","type":"page","link":"https:\/\/fincamps.com\/ca\/llogar-pis-sabadell\/","title":{"rendered":"Llogar pis sabadell"},"content":{"rendered":"<div class=\"wpb-content-wrapper\"><p>[vc_row][vc_column]<div class=\"boc_spacing \" style=\"height: 20px\"><\/div>[vc_row_inner][vc_column_inner width=&#8221;1\/2&#8243;][vc_column_text css_animation=&#8221;boc_animate_when_almost_visible boc_left-to-right&#8221;]Si necessites <strong>llogar<\/strong> el teu <strong>pis<\/strong> a <strong>Sabadell<\/strong> el millor que pots fer es confiar en una Inmobiliaria, que sigui especialista en la venta i el lloguer d\u2019immobles d\u2019aquesta zona.<\/p>\n<p>A Fincamps trobar\u00e0s un equip professional, que et permetr\u00e0 obtenir les millors garanties per poder <strong>llogar<\/strong> el teu <strong>pis<\/strong> a <strong>Sabadell<\/strong>, d\u2019una forma f\u00e0cil, r\u00e0pida i segura, ja que podem ocupar-nos de les gestions administratives m\u00e9s pesades, com poden ser els tr\u00e0mits de demanar llicencies, permisos, fiances i tot tipus de gestions que puguin anar relacionades amb el fet de <strong>llogar<\/strong> el teu <strong>pis<\/strong> a <strong>Sabadell<\/strong>.<\/p>\n<p>Podem ser els millors intermediaris perqu\u00e8 aquest proc\u00e9s sigui el m\u00e9s f\u00e0cil i c\u00f2mode per totes les parts, tant pels qui lloguen el pis com pels qui hi entren a viure.<\/p>\n<p>Llogar el teu pis pot ser una molt bona decisi\u00f3 per treure rendiments a les teves propietats. En aquests moments, es m\u00e9s que recomanable comptar amb el recolzament professional d\u2019un assessor immobiliari, que pugui garantir-te la m\u00e0xima fiabilitat del proc\u00e9s, donar-te consells i gestions adaptades a les teves necessitats, prefer\u00e8ncies i tamb\u00e9 a les exig\u00e8ncies del mercat immobiliari actual. Per aquest motiu, desde Fincamps, podem garantir-te el nostre acompanyament sempre que el necessitis, perqu\u00e8 tot funcioni correctament i puguis obtenir un benefici productiu i tamb\u00e9 tenir la seguretat de que comptes amb el suport de la nostra immobili\u00e0ria, per si sorg\u00eds qualsevol problema o dubte alhora de fer el contracte de lloguer del pis, determinar les cl\u00e0usules, entregar les claus o fer algun tipus de peticions o consultes, desde Fincamps t\u2019ho posem f\u00e0cil.<\/p>\n<p>T\u2019animem a visitar la nostra p\u00e0gina web, posar-te en contacte amb nosaltres i explicar-nos les teves necessitats. Desde Fincamps, estem segurs de que <strong>llogar<\/strong> el teu <strong>pis<\/strong> a <strong>Sabadell<\/strong> ser\u00e0 un objectiu que assolirem de forma r\u00e0pida i conjunta, si posem en pr\u00e0ctica totes les eines que tenim al nostre abast, la nostra professionalitat i experi\u00e8ncia i la visibilitat necess\u00e0ria, perqu\u00e8 els usuaris mostrin inter\u00e8s en el teu anunci.<\/p>\n<p>A part d\u2019ajudar-te a llogar el pis a Sabadell, desde Fincamps t\u2019oferim tamb\u00e9 altres serveis com es la gesti\u00f3 dels tr\u00e0mits administratius, l\u2019obtenci\u00f3 de certificats i llic\u00e8ncies, gestions de lloguers y compravendes, valoracions d\u2019immobles, assessorament personalitzat, etc.<\/p>\n<p>Ens pots trobar al Carrer Sant Joan, n\u00famero 39 de Sabadell, Barcelona, per\u00f2 tamb\u00e9 et pots posar en contacte amb nosaltres a trav\u00e9s del nostre tel\u00e8fon 937 48 48 48, el nostre email <a href=\"mailto:recepcio@fincamps.com\">recepcio@fincamps.com<\/a> o b\u00e9 mitjan\u00e7ant el formulari de contacte, on ser\u00e0 molt m\u00e9s f\u00e0cil que ens puguis explicar les teves necessitats i com vols que t\u2019ajudem des de Fincamps.<\/p>\n<p style=\"text-align: justify;\">Gr\u00e0cies a la experi\u00e8ncia i el coneixement del nostre equip, estem segurs que trobarem les millors solucions i respostes per tu. T\u2019hi esperem!<\/p>\n<p>[\/vc_column_text][\/vc_column_inner][vc_column_inner width=&#8221;1\/2&#8243;][vc_single_image image=&#8221;47&#8243;]<div class=\"boc_spacing \" style=\"height: 20px\"><\/div><div class=\"text_box  boc_animate_when_almost_visible boc_bottom-to-top\"><div class=\"text_box_content with_button\"><h2>\u00bfQuieres vender tu inmueble?<\/h2>\n\t\t\t\t\t<p>Disponemos de una s\u00f3lida cartera de clientes, tanto particulares como profesionales que pueden estar interesados en adquirir su inmueble.<\/p>\n\t\t\t\t<\/div><div class=\"btn_holder\"><a\thref=\"\/vendemos-su-inmueble\/\" \n\t\t\t\t\tclass=\"button  btn_medium btn_theme_color btn_rounded btn_normal_style  \"  target='_self'><span>M\u00e1s informaci\u00f3n<\/span><\/a><\/div><\/div>[vc_single_image image=&#8221;289&#8243;][\/vc_column_inner][\/vc_row_inner]<div class=\"boc_spacing \" style=\"height: 20px\"><\/div>[\/vc_column][\/vc_row][vc_row css_animation=&#8221;fadeInUp&#8221; bg_type=&#8221;bg_color&#8221; bg_override=&#8221;ex-full&#8221; bg_color_value=&#8221;#146266&#8243;][vc_column]<div class=\"boc_spacing \" style=\"height: 32px\"><\/div>[vc_row_inner][vc_column_inner width=&#8221;1\/2&#8243;][vc_column_text]<\/p>\n<h3><span style=\"color: #ffffff;\">Contacta con nosotros<\/span><\/h3>\n<p>[\/vc_column_text][vc_column_text el_class=&#8221;datoscontacto&#8221;]FINCAMPS ASSESSORS<br \/>\nCR. SANT JOAN, 39 08202 SABADELL<br \/>\nBARCELONA<\/p>\n<p>Telf.: 937 48 48 48<br \/>\nFax: 937 48 01 33<br \/>\nrecepcio@fincamps.com<\/p>\n<p><iframe loading=\"lazy\" style=\"border: 0;\" src=\"https:\/\/www.google.com\/maps\/embed?pb=!1m14!1m8!1m3!1d11944.041426538752!2d2.1098092!3d41.547373!3m2!1i1024!2i768!4f13.1!3m3!1m2!1s0x0%3A0xb12fd652aaeee800!2sFincamps!5e0!3m2!1ses!2ses!4v1582972878311!5m2!1ses!2ses\" width=\"450\" height=\"450\" frameborder=\"0\" allowfullscreen=\"allowfullscreen\"><\/iframe>[\/vc_column_text][\/vc_column_inner][vc_column_inner el_class=&#8221;datoscontacto&#8221; width=&#8221;1\/2&#8243;][vc_column_text]<\/p>\n<h3><span style=\"color: #ffffff;\">Formulario de contacto<\/span><\/h3>\n<p>[\/vc_column_text]\n<div class=\"wpcf7 no-js\" id=\"wpcf7-f7-o1\" lang=\"es-ES\" dir=\"ltr\" data-wpcf7-id=\"7\">\n<div class=\"screen-reader-response\"><p role=\"status\" aria-live=\"polite\" aria-atomic=\"true\"><\/p> <ul><\/ul><\/div>\n<form action=\"\/ca\/wp-json\/wp\/v2\/pages\/360#wpcf7-f7-o1\" method=\"post\" class=\"wpcf7-form init\" aria-label=\"Formulario de contacto\" novalidate=\"novalidate\" data-status=\"init\">\n<fieldset class=\"hidden-fields-container\"><input type=\"hidden\" name=\"_wpcf7\" value=\"7\" \/><input type=\"hidden\" name=\"_wpcf7_version\" value=\"6.1.3\" \/><input type=\"hidden\" name=\"_wpcf7_locale\" value=\"es_ES\" \/><input type=\"hidden\" name=\"_wpcf7_unit_tag\" value=\"wpcf7-f7-o1\" \/><input type=\"hidden\" name=\"_wpcf7_container_post\" value=\"0\" \/><input type=\"hidden\" name=\"_wpcf7_posted_data_hash\" value=\"\" \/><input type=\"hidden\" name=\"_wpcf7_recaptcha_response\" value=\"\" \/>\n<\/fieldset>\n<p><label> Nombre (requerido)<br \/>\n<span class=\"wpcf7-form-control-wrap\" data-name=\"your-name\"><input size=\"40\" maxlength=\"400\" class=\"wpcf7-form-control wpcf7-text wpcf7-validates-as-required\" aria-required=\"true\" aria-invalid=\"false\" value=\"\" type=\"text\" name=\"your-name\" \/><\/span> <\/label>\n<\/p>\n<p><label> Email (requerido)<br \/>\n<span class=\"wpcf7-form-control-wrap\" data-name=\"your-email\"><input size=\"40\" maxlength=\"400\" class=\"wpcf7-form-control wpcf7-email wpcf7-validates-as-required wpcf7-text wpcf7-validates-as-email\" aria-required=\"true\" aria-invalid=\"false\" value=\"\" type=\"email\" name=\"your-email\" \/><\/span> <\/label>\n<\/p>\n<p><label> Asunto<br \/>\n<span class=\"wpcf7-form-control-wrap\" data-name=\"your-subject\"><input size=\"40\" maxlength=\"400\" class=\"wpcf7-form-control wpcf7-text\" aria-invalid=\"false\" value=\"\" type=\"text\" name=\"your-subject\" \/><\/span> <\/label>\n<\/p>\n<p><label> Tel\u00e9fono<br \/>\n<span class=\"wpcf7-form-control-wrap\" data-name=\"telf\"><input size=\"40\" maxlength=\"400\" class=\"wpcf7-form-control wpcf7-text wpcf7-validates-as-required\" aria-required=\"true\" aria-invalid=\"false\" value=\"\" type=\"text\" name=\"telf\" \/><\/span> <\/label>\n<\/p>\n<p><label> Mensaje<br \/>\n<span class=\"wpcf7-form-control-wrap\" data-name=\"your-message\"><textarea cols=\"40\" rows=\"10\" maxlength=\"2000\" class=\"wpcf7-form-control wpcf7-textarea\" aria-invalid=\"false\" name=\"your-message\"><\/textarea><\/span> <\/label>\n<\/p>\n<span class=\"wpcf7-form-control-wrap recaptcha\" data-name=\"recaptcha\"><span data-sitekey=\"6LepfOUUAAAAANfKPyNeAYiFQrUvOYmt8h31Q0uw\" class=\"wpcf7-form-control wpcf7-recaptcha g-recaptcha\"><\/span>\r\n<noscript>\r\n\t<div class=\"grecaptcha-noscript\">\r\n\t\t<iframe loading=\"lazy\" src=\"https:\/\/www.google.com\/recaptcha\/api\/fallback?k=6LepfOUUAAAAANfKPyNeAYiFQrUvOYmt8h31Q0uw\" frameborder=\"0\" scrolling=\"no\" width=\"310\" height=\"430\">\r\n\t\t<\/iframe>\r\n\t\t<textarea name=\"g-recaptcha-response\" rows=\"3\" cols=\"40\" placeholder=\"Aqu\u00ed la respuesta de reCAPTCHA\">\r\n\t\t<\/textarea>\r\n\t<\/div>\r\n<\/noscript>\r\n<\/span>\n<p><span id=\"wpcf7-69eb555b7a75c-wrapper\" class=\"wpcf7-form-control-wrap honeypot-48-wrap\" style=\"display:none !important; visibility:hidden !important;\"><label for=\"wpcf7-69eb555b7a75c-field\" class=\"hp-message\">Por favor, deja este campo vac\u00edo.<\/label><input id=\"wpcf7-69eb555b7a75c-field\"  class=\"wpcf7-form-control wpcf7-text\" type=\"text\" name=\"honeypot-48\" value=\"\" size=\"40\" tabindex=\"-1\" autocomplete=\"new-password\" \/><\/span>\n<\/p>\n<p><input class=\"wpcf7-form-control wpcf7-submit has-spinner\" type=\"submit\" value=\"Enviar\" \/>\n<\/p><p style=\"display: none !important;\" class=\"akismet-fields-container\" data-prefix=\"_wpcf7_ak_\"><label>&#916;<textarea name=\"_wpcf7_ak_hp_textarea\" cols=\"45\" rows=\"8\" maxlength=\"100\"><\/textarea><\/label><input type=\"hidden\" id=\"ak_js_1\" name=\"_wpcf7_ak_js\" value=\"145\"\/><script>document.getElementById( \"ak_js_1\" ).setAttribute( \"value\", ( new Date() ).getTime() );<\/script><\/p><div class=\"wpcf7-response-output\" aria-hidden=\"true\"><\/div>\n<\/form>\n<\/div>\n[\/vc_column_inner][\/vc_row_inner]<div class=\"boc_spacing \" style=\"height: 32px\"><\/div>[\/vc_column][\/vc_row]<\/p>\n<\/div>","protected":false},"excerpt":{"rendered":"<p>[vc_row][vc_column][vc_row_inner][vc_column_inner width=&#8221;1\/2&#8243;][vc_column_text css_animation=&#8221;boc_animate_when_almost_visible boc_left-to-right&#8221;]Si necessites llogar el teu pis a Sabadell el millor que pots fer es confiar en una Inmobiliaria, que sigui especialista en la venta i el lloguer d\u2019immobles d\u2019aquesta zona. A Fincamps trobar\u00e0s un equip professional, que et permetr\u00e0 obtenir les millors garanties per poder llogar el teu pis a Sabadell, d\u2019una forma f\u00e0cil, r\u00e0pida i segura,<\/p>\n<div class=\"h10\"><\/div>\n<p><a class=\"more-link1\" href=\"https:\/\/fincamps.com\/ca\/llogar-pis-sabadell\/\">Read more<\/a><\/p>\n","protected":false},"author":1,"featured_media":0,"parent":0,"menu_order":0,"comment_status":"closed","ping_status":"closed","template":"","meta":{"footnotes":""},"class_list":["post-360","page","type-page","status-publish","hentry"],"yoast_head":"<!-- This site is optimized with the Yoast SEO plugin v26.2 - https:\/\/yoast.com\/wordpress\/plugins\/seo\/ -->\n<title>Llogar pis sabadell - FINCAMPS - Inmobiliaria de Sabadell<\/title>\n<meta name=\"robots\" content=\"index, follow, max-snippet:-1, max-image-preview:large, max-video-preview:-1\" \/>\n<link rel=\"canonical\" href=\"https:\/\/fincamps.com\/ca\/llogar-pis-sabadell\/\" \/>\n<meta property=\"og:locale\" content=\"ca_ES\" \/>\n<meta property=\"og:type\" content=\"article\" \/>\n<meta property=\"og:title\" content=\"Llogar pis sabadell - FINCAMPS - Inmobiliaria de Sabadell\" \/>\n<meta property=\"og:description\" content=\"[vc_row][vc_column][vc_row_inner][vc_column_inner width=&#8221;1\/2&#8243;][vc_column_text css_animation=&#8221;boc_animate_when_almost_visible boc_left-to-right&#8221;]Si necessites llogar el teu pis a Sabadell el millor que pots fer es confiar en una Inmobiliaria, que sigui especialista en la venta i el lloguer d\u2019immobles d\u2019aquesta zona. A Fincamps trobar\u00e0s un equip professional, que et permetr\u00e0 obtenir les millors garanties per poder llogar el teu pis a Sabadell, d\u2019una forma f\u00e0cil, r\u00e0pida i segura,Read more\" \/>\n<meta property=\"og:url\" content=\"https:\/\/fincamps.com\/ca\/llogar-pis-sabadell\/\" \/>\n<meta property=\"og:site_name\" content=\"FINCAMPS - Inmobiliaria de Sabadell\" \/>\n<meta name=\"twitter:card\" content=\"summary_large_image\" \/>\n<meta name=\"twitter:label1\" content=\"Temps estimat de lectura\" \/>\n\t<meta name=\"twitter:data1\" content=\"3 minuts\" \/>\n<script type=\"application\/ld+json\" class=\"yoast-schema-graph\">{\"@context\":\"https:\/\/schema.org\",\"@graph\":[{\"@type\":\"WebPage\",\"@id\":\"https:\/\/fincamps.com\/ca\/llogar-pis-sabadell\/\",\"url\":\"https:\/\/fincamps.com\/ca\/llogar-pis-sabadell\/\",\"name\":\"Llogar pis sabadell - FINCAMPS - Inmobiliaria de Sabadell\",\"isPartOf\":{\"@id\":\"https:\/\/fincamps.com\/#website\"},\"datePublished\":\"2020-06-25T07:13:21+00:00\",\"breadcrumb\":{\"@id\":\"https:\/\/fincamps.com\/ca\/llogar-pis-sabadell\/#breadcrumb\"},\"inLanguage\":\"ca\",\"potentialAction\":[{\"@type\":\"ReadAction\",\"target\":[\"https:\/\/fincamps.com\/ca\/llogar-pis-sabadell\/\"]}]},{\"@type\":\"BreadcrumbList\",\"@id\":\"https:\/\/fincamps.com\/ca\/llogar-pis-sabadell\/#breadcrumb\",\"itemListElement\":[{\"@type\":\"ListItem\",\"position\":1,\"name\":\"Portada\",\"item\":\"https:\/\/fincamps.com\/ca\/\"},{\"@type\":\"ListItem\",\"position\":2,\"name\":\"Llogar pis sabadell\"}]},{\"@type\":\"WebSite\",\"@id\":\"https:\/\/fincamps.com\/#website\",\"url\":\"https:\/\/fincamps.com\/\",\"name\":\"FINCAMPS - Inmobiliaria de Sabadell\",\"description\":\"Inmobiliaria de Sabadell, especializada en la compra y venta de pisos, casas, oficinas y todo tipo de inmuebles y viviendas en Sabadell\",\"potentialAction\":[{\"@type\":\"SearchAction\",\"target\":{\"@type\":\"EntryPoint\",\"urlTemplate\":\"https:\/\/fincamps.com\/?s={search_term_string}\"},\"query-input\":{\"@type\":\"PropertyValueSpecification\",\"valueRequired\":true,\"valueName\":\"search_term_string\"}}],\"inLanguage\":\"ca\"}]}<\/script>\n<!-- \/ Yoast SEO plugin. -->","yoast_head_json":{"title":"Llogar pis sabadell - FINCAMPS - Inmobiliaria de Sabadell","robots":{"index":"index","follow":"follow","max-snippet":"max-snippet:-1","max-image-preview":"max-image-preview:large","max-video-preview":"max-video-preview:-1"},"canonical":"https:\/\/fincamps.com\/ca\/llogar-pis-sabadell\/","og_locale":"ca_ES","og_type":"article","og_title":"Llogar pis sabadell - FINCAMPS - Inmobiliaria de Sabadell","og_description":"[vc_row][vc_column][vc_row_inner][vc_column_inner width=&#8221;1\/2&#8243;][vc_column_text css_animation=&#8221;boc_animate_when_almost_visible boc_left-to-right&#8221;]Si necessites llogar el teu pis a Sabadell el millor que pots fer es confiar en una Inmobiliaria, que sigui especialista en la venta i el lloguer d\u2019immobles d\u2019aquesta zona. A Fincamps trobar\u00e0s un equip professional, que et permetr\u00e0 obtenir les millors garanties per poder llogar el teu pis a Sabadell, d\u2019una forma f\u00e0cil, r\u00e0pida i segura,Read more","og_url":"https:\/\/fincamps.com\/ca\/llogar-pis-sabadell\/","og_site_name":"FINCAMPS - Inmobiliaria de Sabadell","twitter_card":"summary_large_image","twitter_misc":{"Temps estimat de lectura":"3 minuts"},"schema":{"@context":"https:\/\/schema.org","@graph":[{"@type":"WebPage","@id":"https:\/\/fincamps.com\/ca\/llogar-pis-sabadell\/","url":"https:\/\/fincamps.com\/ca\/llogar-pis-sabadell\/","name":"Llogar pis sabadell - FINCAMPS - Inmobiliaria de Sabadell","isPartOf":{"@id":"https:\/\/fincamps.com\/#website"},"datePublished":"2020-06-25T07:13:21+00:00","breadcrumb":{"@id":"https:\/\/fincamps.com\/ca\/llogar-pis-sabadell\/#breadcrumb"},"inLanguage":"ca","potentialAction":[{"@type":"ReadAction","target":["https:\/\/fincamps.com\/ca\/llogar-pis-sabadell\/"]}]},{"@type":"BreadcrumbList","@id":"https:\/\/fincamps.com\/ca\/llogar-pis-sabadell\/#breadcrumb","itemListElement":[{"@type":"ListItem","position":1,"name":"Portada","item":"https:\/\/fincamps.com\/ca\/"},{"@type":"ListItem","position":2,"name":"Llogar pis sabadell"}]},{"@type":"WebSite","@id":"https:\/\/fincamps.com\/#website","url":"https:\/\/fincamps.com\/","name":"FINCAMPS - Inmobiliaria de Sabadell","description":"Inmobiliaria de Sabadell, especializada en la compra y venta de pisos, casas, oficinas y todo tipo de inmuebles y viviendas en Sabadell","potentialAction":[{"@type":"SearchAction","target":{"@type":"EntryPoint","urlTemplate":"https:\/\/fincamps.com\/?s={search_term_string}"},"query-input":{"@type":"PropertyValueSpecification","valueRequired":true,"valueName":"search_term_string"}}],"inLanguage":"ca"}]}},"_links":{"self":[{"href":"https:\/\/fincamps.com\/ca\/wp-json\/wp\/v2\/pages\/360","targetHints":{"allow":["GET"]}}],"collection":[{"href":"https:\/\/fincamps.com\/ca\/wp-json\/wp\/v2\/pages"}],"about":[{"href":"https:\/\/fincamps.com\/ca\/wp-json\/wp\/v2\/types\/page"}],"author":[{"embeddable":true,"href":"https:\/\/fincamps.com\/ca\/wp-json\/wp\/v2\/users\/1"}],"replies":[{"embeddable":true,"href":"https:\/\/fincamps.com\/ca\/wp-json\/wp\/v2\/comments?post=360"}],"version-history":[{"count":1,"href":"https:\/\/fincamps.com\/ca\/wp-json\/wp\/v2\/pages\/360\/revisions"}],"predecessor-version":[{"id":361,"href":"https:\/\/fincamps.com\/ca\/wp-json\/wp\/v2\/pages\/360\/revisions\/361"}],"wp:attachment":[{"href":"https:\/\/fincamps.com\/ca\/wp-json\/wp\/v2\/media?parent=360"}],"curies":[{"name":"wp","href":"https:\/\/api.w.org\/{rel}","templated":true}]}}