{"id":358,"date":"2020-06-25T07:12:31","date_gmt":"2020-06-25T07:12:31","guid":{"rendered":"https:\/\/fincamps.com\/ca\/?page_id=358"},"modified":"2020-06-25T07:12:31","modified_gmt":"2020-06-25T07:12:31","slug":"llogar-casa-sabadell","status":"publish","type":"page","link":"https:\/\/fincamps.com\/ca\/llogar-casa-sabadell\/","title":{"rendered":"Llogar casa Sabadell"},"content":{"rendered":"<div class=\"wpb-content-wrapper\"><p>[vc_row][vc_column]<div class=\"boc_spacing \" style=\"height: 20px\"><\/div>[vc_row_inner][vc_column_inner width=&#8221;1\/2&#8243;][vc_column_text css_animation=&#8221;boc_animate_when_almost_visible boc_left-to-right&#8221;]A Fincamps t\u2019ajudem a <strong>llogar<\/strong> la teva <strong>casa<\/strong> a <strong>Sabadell<\/strong> d\u2019una forma eficient, intel\u00b7ligent i segura, perqu\u00e8 no t\u2019hagis de preocupar m\u00e9s del compte i tinguis la garantia de que tot anir\u00e0 b\u00e9. Volem que tinguis tota l\u2019ajuda i el suport que necessites en cada moment, gr\u00e0cies al nostre equip especialitzat en el sector immobiliari, el qual compte amb molts anys d\u2019experi\u00e8ncia en aquest \u00e0mbit.<\/p>\n<p>Podem assessorar-te i guiar-te sempre que vulguis durant tot aquest proc\u00e9s, d\u2019una forma segura i productiva, perqu\u00e8 tot sigui m\u00e9s f\u00e0cil i tamb\u00e9 perqu\u00e8 tot segueixi el seu curs, sense entrebancs. Si confies en una ag\u00e8ncia immobili\u00e0ria especialitzada en la zona de Sabadell com la nostra, ser\u00e0 molt m\u00e9s f\u00e0cils que trobis els teus inquilins, perqu\u00e8 acotem la recerca i trobem a la persona ideal en el menor temps possible, gr\u00e0cies als filtres de recerca del nostre portal web i tamb\u00e9 basant-nos en les teves prefer\u00e8ncies i requisits, en el moment de buscar els inquilins perfectes.<\/p>\n<p>Si necessites assessorament o vols tenir un suport professional per <strong>llogar<\/strong> la teva <strong>casa<\/strong> a <strong>Sabadell<\/strong>, des de Fincamps podem ajudar-te en molts sentits, com per exemple en la redacci\u00f3 i presentaci\u00f3 del contracte de lloguer, en explicar-te qu\u00e8 necessites dur a terme, en la obtenci\u00f3 de certificats, llic\u00e8ncies o permisos, en les cl\u00e0usules que demanen els inquilins, actuar com a intermediari entre els inquilins i els llogaters per dur a terme algunes gestions concretes, etc.<\/p>\n<p>Volem que et sentis c\u00f2mode i que puguis comptar amb nosaltres sempre que aix\u00ed ho necessitis. Des de Fincamps tamb\u00e9 podem ajudar-te a donar el valor afegit que necessita la teva casa, perqu\u00e8 sigui m\u00e9s evident en el moment de presentar l\u2019anunci al nostre portal web.<\/p>\n<p>Comptem amb filtres de recerca que la fan molt m\u00e9s f\u00e0cil i intu\u00eftiva, per aquelles persones que estan interessades en <strong>llogar<\/strong> una <strong>casa<\/strong> a <strong>Sabadell<\/strong>, el que es tradueix en un proc\u00e9s m\u00e9s eficient, acotat i directe, per assolir el teu objectiu i fer-ho d\u2019una forma r\u00e0pida, segura i sense sobresalts.<\/p>\n<p>Si necessites <strong>llogar<\/strong> la teva <strong>casa<\/strong> a <strong>Sabadell<\/strong> i t\u2019agradaria que f\u00f3ssim la teva immobili\u00e0ria de confian\u00e7a, et convidem a visitar la nostra p\u00e0gina web. All\u00e0 podr\u00e0s trobar tot el que necessites, veure en qu\u00e8 consisteixen els nostres serveis i posar-te en contacte amb nosaltres. Els nostres serveis es basen en la compravenda i el lloguer d\u2019immobles, la gesti\u00f3 de tr\u00e0mits administratius, obtenci\u00f3 de llicencies, permisos i certificats, assessorament personalitzat, gesti\u00f3 de visites, valoracions de l\u2019immoble, etc.<\/p>\n<p style=\"text-align: justify;\">Pots omplir el formulari de contacte que apareix a la nostra web, trucar-nos al 937 48 48 48, enviar-nos un correu electr\u00f2nic a <a href=\"mailto:recepci\u00f3@fincamps.com\">recepci\u00f3@fincamps.com<\/a> o venir personalment a la nostra oficina del carrer Sant Joan, 39, a Sabadell, Barcelona.<\/p>\n<p>[\/vc_column_text][\/vc_column_inner][vc_column_inner width=&#8221;1\/2&#8243;][vc_single_image image=&#8221;47&#8243;]<div class=\"boc_spacing \" style=\"height: 20px\"><\/div><div class=\"text_box  boc_animate_when_almost_visible boc_bottom-to-top\"><div class=\"text_box_content with_button\"><h2>\u00bfQuieres vender tu inmueble?<\/h2>\n\t\t\t\t\t<p>Disponemos de una s\u00f3lida cartera de clientes, tanto particulares como profesionales que pueden estar interesados en adquirir su inmueble.<\/p>\n\t\t\t\t<\/div><div class=\"btn_holder\"><a\thref=\"\/vendemos-su-inmueble\/\" \n\t\t\t\t\tclass=\"button  btn_medium btn_theme_color btn_rounded btn_normal_style  \"  target='_self'><span>M\u00e1s informaci\u00f3n<\/span><\/a><\/div><\/div>[vc_single_image image=&#8221;289&#8243;][\/vc_column_inner][\/vc_row_inner]<div class=\"boc_spacing \" style=\"height: 20px\"><\/div>[\/vc_column][\/vc_row][vc_row css_animation=&#8221;fadeInUp&#8221; bg_type=&#8221;bg_color&#8221; bg_override=&#8221;ex-full&#8221; bg_color_value=&#8221;#146266&#8243;][vc_column]<div class=\"boc_spacing \" style=\"height: 32px\"><\/div>[vc_row_inner][vc_column_inner width=&#8221;1\/2&#8243;][vc_column_text]<\/p>\n<h3><span style=\"color: #ffffff;\">Contacta con nosotros<\/span><\/h3>\n<p>[\/vc_column_text][vc_column_text el_class=&#8221;datoscontacto&#8221;]FINCAMPS ASSESSORS<br \/>\nCR. SANT JOAN, 39 08202 SABADELL<br \/>\nBARCELONA<\/p>\n<p>Telf.: 937 48 48 48<br \/>\nFax: 937 48 01 33<br \/>\nrecepcio@fincamps.com<\/p>\n<p><iframe loading=\"lazy\" style=\"border: 0;\" src=\"https:\/\/www.google.com\/maps\/embed?pb=!1m14!1m8!1m3!1d11944.041426538752!2d2.1098092!3d41.547373!3m2!1i1024!2i768!4f13.1!3m3!1m2!1s0x0%3A0xb12fd652aaeee800!2sFincamps!5e0!3m2!1ses!2ses!4v1582972878311!5m2!1ses!2ses\" width=\"450\" height=\"450\" frameborder=\"0\" allowfullscreen=\"allowfullscreen\"><\/iframe>[\/vc_column_text][\/vc_column_inner][vc_column_inner el_class=&#8221;datoscontacto&#8221; width=&#8221;1\/2&#8243;][vc_column_text]<\/p>\n<h3><span style=\"color: #ffffff;\">Formulario de contacto<\/span><\/h3>\n<p>[\/vc_column_text]\n<div class=\"wpcf7 no-js\" id=\"wpcf7-f7-o1\" lang=\"es-ES\" dir=\"ltr\" data-wpcf7-id=\"7\">\n<div class=\"screen-reader-response\"><p role=\"status\" aria-live=\"polite\" aria-atomic=\"true\"><\/p> <ul><\/ul><\/div>\n<form action=\"\/ca\/wp-json\/wp\/v2\/pages\/358#wpcf7-f7-o1\" method=\"post\" class=\"wpcf7-form init\" aria-label=\"Formulario de contacto\" novalidate=\"novalidate\" data-status=\"init\">\n<fieldset class=\"hidden-fields-container\"><input type=\"hidden\" name=\"_wpcf7\" value=\"7\" \/><input type=\"hidden\" name=\"_wpcf7_version\" value=\"6.1.3\" \/><input type=\"hidden\" name=\"_wpcf7_locale\" value=\"es_ES\" \/><input type=\"hidden\" name=\"_wpcf7_unit_tag\" value=\"wpcf7-f7-o1\" \/><input type=\"hidden\" name=\"_wpcf7_container_post\" value=\"0\" \/><input type=\"hidden\" name=\"_wpcf7_posted_data_hash\" value=\"\" \/><input type=\"hidden\" name=\"_wpcf7_recaptcha_response\" value=\"\" \/>\n<\/fieldset>\n<p><label> Nombre (requerido)<br \/>\n<span class=\"wpcf7-form-control-wrap\" data-name=\"your-name\"><input size=\"40\" maxlength=\"400\" class=\"wpcf7-form-control wpcf7-text wpcf7-validates-as-required\" aria-required=\"true\" aria-invalid=\"false\" value=\"\" type=\"text\" name=\"your-name\" \/><\/span> <\/label>\n<\/p>\n<p><label> Email (requerido)<br \/>\n<span class=\"wpcf7-form-control-wrap\" data-name=\"your-email\"><input size=\"40\" maxlength=\"400\" class=\"wpcf7-form-control wpcf7-email wpcf7-validates-as-required wpcf7-text wpcf7-validates-as-email\" aria-required=\"true\" aria-invalid=\"false\" value=\"\" type=\"email\" name=\"your-email\" \/><\/span> <\/label>\n<\/p>\n<p><label> Asunto<br \/>\n<span class=\"wpcf7-form-control-wrap\" data-name=\"your-subject\"><input size=\"40\" maxlength=\"400\" class=\"wpcf7-form-control wpcf7-text\" aria-invalid=\"false\" value=\"\" type=\"text\" name=\"your-subject\" \/><\/span> <\/label>\n<\/p>\n<p><label> Tel\u00e9fono<br \/>\n<span class=\"wpcf7-form-control-wrap\" data-name=\"telf\"><input size=\"40\" maxlength=\"400\" class=\"wpcf7-form-control wpcf7-text wpcf7-validates-as-required\" aria-required=\"true\" aria-invalid=\"false\" value=\"\" type=\"text\" name=\"telf\" \/><\/span> <\/label>\n<\/p>\n<p><label> Mensaje<br \/>\n<span class=\"wpcf7-form-control-wrap\" data-name=\"your-message\"><textarea cols=\"40\" rows=\"10\" maxlength=\"2000\" class=\"wpcf7-form-control wpcf7-textarea\" aria-invalid=\"false\" name=\"your-message\"><\/textarea><\/span> <\/label>\n<\/p>\n<span class=\"wpcf7-form-control-wrap recaptcha\" data-name=\"recaptcha\"><span data-sitekey=\"6LepfOUUAAAAANfKPyNeAYiFQrUvOYmt8h31Q0uw\" class=\"wpcf7-form-control wpcf7-recaptcha g-recaptcha\"><\/span>\r\n<noscript>\r\n\t<div class=\"grecaptcha-noscript\">\r\n\t\t<iframe loading=\"lazy\" src=\"https:\/\/www.google.com\/recaptcha\/api\/fallback?k=6LepfOUUAAAAANfKPyNeAYiFQrUvOYmt8h31Q0uw\" frameborder=\"0\" scrolling=\"no\" width=\"310\" height=\"430\">\r\n\t\t<\/iframe>\r\n\t\t<textarea name=\"g-recaptcha-response\" rows=\"3\" cols=\"40\" placeholder=\"Aqu\u00ed la respuesta de reCAPTCHA\">\r\n\t\t<\/textarea>\r\n\t<\/div>\r\n<\/noscript>\r\n<\/span>\n<p><span id=\"wpcf7-69f5e01ca2b31-wrapper\" class=\"wpcf7-form-control-wrap honeypot-48-wrap\" style=\"display:none !important; visibility:hidden !important;\"><label for=\"wpcf7-69f5e01ca2b31-field\" class=\"hp-message\">Por favor, deja este campo vac\u00edo.<\/label><input id=\"wpcf7-69f5e01ca2b31-field\"  class=\"wpcf7-form-control wpcf7-text\" type=\"text\" name=\"honeypot-48\" value=\"\" size=\"40\" tabindex=\"-1\" autocomplete=\"new-password\" \/><\/span>\n<\/p>\n<p><input class=\"wpcf7-form-control wpcf7-submit has-spinner\" type=\"submit\" value=\"Enviar\" \/>\n<\/p><p style=\"display: none !important;\" class=\"akismet-fields-container\" data-prefix=\"_wpcf7_ak_\"><label>&#916;<textarea name=\"_wpcf7_ak_hp_textarea\" cols=\"45\" rows=\"8\" maxlength=\"100\"><\/textarea><\/label><input type=\"hidden\" id=\"ak_js_1\" name=\"_wpcf7_ak_js\" value=\"119\"\/><script>document.getElementById( \"ak_js_1\" ).setAttribute( \"value\", ( new Date() ).getTime() );<\/script><\/p><div class=\"wpcf7-response-output\" aria-hidden=\"true\"><\/div>\n<\/form>\n<\/div>\n[\/vc_column_inner][\/vc_row_inner]<div class=\"boc_spacing \" style=\"height: 32px\"><\/div>[\/vc_column][\/vc_row]<\/p>\n<\/div>","protected":false},"excerpt":{"rendered":"<p>[vc_row][vc_column][vc_row_inner][vc_column_inner width=&#8221;1\/2&#8243;][vc_column_text css_animation=&#8221;boc_animate_when_almost_visible boc_left-to-right&#8221;]A Fincamps t\u2019ajudem a llogar la teva casa a Sabadell d\u2019una forma eficient, intel\u00b7ligent i segura, perqu\u00e8 no t\u2019hagis de preocupar m\u00e9s del compte i tinguis la garantia de que tot anir\u00e0 b\u00e9. Volem que tinguis tota l\u2019ajuda i el suport que necessites en cada moment, gr\u00e0cies al nostre equip especialitzat en el sector immobiliari, el qual<\/p>\n<div class=\"h10\"><\/div>\n<p><a class=\"more-link1\" href=\"https:\/\/fincamps.com\/ca\/llogar-casa-sabadell\/\">Read more<\/a><\/p>\n","protected":false},"author":1,"featured_media":0,"parent":0,"menu_order":0,"comment_status":"closed","ping_status":"closed","template":"","meta":{"footnotes":""},"class_list":["post-358","page","type-page","status-publish","hentry"],"yoast_head":"<!-- This site is optimized with the Yoast SEO plugin v26.2 - https:\/\/yoast.com\/wordpress\/plugins\/seo\/ -->\n<title>Llogar casa Sabadell - FINCAMPS - Inmobiliaria de Sabadell<\/title>\n<meta name=\"robots\" content=\"index, follow, max-snippet:-1, max-image-preview:large, max-video-preview:-1\" \/>\n<link rel=\"canonical\" href=\"https:\/\/fincamps.com\/ca\/llogar-casa-sabadell\/\" \/>\n<meta property=\"og:locale\" content=\"ca_ES\" \/>\n<meta property=\"og:type\" content=\"article\" \/>\n<meta property=\"og:title\" content=\"Llogar casa Sabadell - FINCAMPS - Inmobiliaria de Sabadell\" \/>\n<meta property=\"og:description\" content=\"[vc_row][vc_column][vc_row_inner][vc_column_inner width=&#8221;1\/2&#8243;][vc_column_text css_animation=&#8221;boc_animate_when_almost_visible boc_left-to-right&#8221;]A Fincamps t\u2019ajudem a llogar la teva casa a Sabadell d\u2019una forma eficient, intel\u00b7ligent i segura, perqu\u00e8 no t\u2019hagis de preocupar m\u00e9s del compte i tinguis la garantia de que tot anir\u00e0 b\u00e9. Volem que tinguis tota l\u2019ajuda i el suport que necessites en cada moment, gr\u00e0cies al nostre equip especialitzat en el sector immobiliari, el qualRead more\" \/>\n<meta property=\"og:url\" content=\"https:\/\/fincamps.com\/ca\/llogar-casa-sabadell\/\" \/>\n<meta property=\"og:site_name\" content=\"FINCAMPS - Inmobiliaria de Sabadell\" \/>\n<meta name=\"twitter:card\" content=\"summary_large_image\" \/>\n<meta name=\"twitter:label1\" content=\"Temps estimat de lectura\" \/>\n\t<meta name=\"twitter:data1\" content=\"3 minuts\" \/>\n<script type=\"application\/ld+json\" class=\"yoast-schema-graph\">{\"@context\":\"https:\/\/schema.org\",\"@graph\":[{\"@type\":\"WebPage\",\"@id\":\"https:\/\/fincamps.com\/ca\/llogar-casa-sabadell\/\",\"url\":\"https:\/\/fincamps.com\/ca\/llogar-casa-sabadell\/\",\"name\":\"Llogar casa Sabadell - FINCAMPS - Inmobiliaria de Sabadell\",\"isPartOf\":{\"@id\":\"https:\/\/fincamps.com\/#website\"},\"datePublished\":\"2020-06-25T07:12:31+00:00\",\"breadcrumb\":{\"@id\":\"https:\/\/fincamps.com\/ca\/llogar-casa-sabadell\/#breadcrumb\"},\"inLanguage\":\"ca\",\"potentialAction\":[{\"@type\":\"ReadAction\",\"target\":[\"https:\/\/fincamps.com\/ca\/llogar-casa-sabadell\/\"]}]},{\"@type\":\"BreadcrumbList\",\"@id\":\"https:\/\/fincamps.com\/ca\/llogar-casa-sabadell\/#breadcrumb\",\"itemListElement\":[{\"@type\":\"ListItem\",\"position\":1,\"name\":\"Portada\",\"item\":\"https:\/\/fincamps.com\/ca\/\"},{\"@type\":\"ListItem\",\"position\":2,\"name\":\"Llogar casa Sabadell\"}]},{\"@type\":\"WebSite\",\"@id\":\"https:\/\/fincamps.com\/#website\",\"url\":\"https:\/\/fincamps.com\/\",\"name\":\"FINCAMPS - Inmobiliaria de Sabadell\",\"description\":\"Inmobiliaria de Sabadell, especializada en la compra y venta de pisos, casas, oficinas y todo tipo de inmuebles y viviendas en Sabadell\",\"potentialAction\":[{\"@type\":\"SearchAction\",\"target\":{\"@type\":\"EntryPoint\",\"urlTemplate\":\"https:\/\/fincamps.com\/?s={search_term_string}\"},\"query-input\":{\"@type\":\"PropertyValueSpecification\",\"valueRequired\":true,\"valueName\":\"search_term_string\"}}],\"inLanguage\":\"ca\"}]}<\/script>\n<!-- \/ Yoast SEO plugin. -->","yoast_head_json":{"title":"Llogar casa Sabadell - FINCAMPS - Inmobiliaria de Sabadell","robots":{"index":"index","follow":"follow","max-snippet":"max-snippet:-1","max-image-preview":"max-image-preview:large","max-video-preview":"max-video-preview:-1"},"canonical":"https:\/\/fincamps.com\/ca\/llogar-casa-sabadell\/","og_locale":"ca_ES","og_type":"article","og_title":"Llogar casa Sabadell - FINCAMPS - Inmobiliaria de Sabadell","og_description":"[vc_row][vc_column][vc_row_inner][vc_column_inner width=&#8221;1\/2&#8243;][vc_column_text css_animation=&#8221;boc_animate_when_almost_visible boc_left-to-right&#8221;]A Fincamps t\u2019ajudem a llogar la teva casa a Sabadell d\u2019una forma eficient, intel\u00b7ligent i segura, perqu\u00e8 no t\u2019hagis de preocupar m\u00e9s del compte i tinguis la garantia de que tot anir\u00e0 b\u00e9. Volem que tinguis tota l\u2019ajuda i el suport que necessites en cada moment, gr\u00e0cies al nostre equip especialitzat en el sector immobiliari, el qualRead more","og_url":"https:\/\/fincamps.com\/ca\/llogar-casa-sabadell\/","og_site_name":"FINCAMPS - Inmobiliaria de Sabadell","twitter_card":"summary_large_image","twitter_misc":{"Temps estimat de lectura":"3 minuts"},"schema":{"@context":"https:\/\/schema.org","@graph":[{"@type":"WebPage","@id":"https:\/\/fincamps.com\/ca\/llogar-casa-sabadell\/","url":"https:\/\/fincamps.com\/ca\/llogar-casa-sabadell\/","name":"Llogar casa Sabadell - FINCAMPS - Inmobiliaria de Sabadell","isPartOf":{"@id":"https:\/\/fincamps.com\/#website"},"datePublished":"2020-06-25T07:12:31+00:00","breadcrumb":{"@id":"https:\/\/fincamps.com\/ca\/llogar-casa-sabadell\/#breadcrumb"},"inLanguage":"ca","potentialAction":[{"@type":"ReadAction","target":["https:\/\/fincamps.com\/ca\/llogar-casa-sabadell\/"]}]},{"@type":"BreadcrumbList","@id":"https:\/\/fincamps.com\/ca\/llogar-casa-sabadell\/#breadcrumb","itemListElement":[{"@type":"ListItem","position":1,"name":"Portada","item":"https:\/\/fincamps.com\/ca\/"},{"@type":"ListItem","position":2,"name":"Llogar casa Sabadell"}]},{"@type":"WebSite","@id":"https:\/\/fincamps.com\/#website","url":"https:\/\/fincamps.com\/","name":"FINCAMPS - Inmobiliaria de Sabadell","description":"Inmobiliaria de Sabadell, especializada en la compra y venta de pisos, casas, oficinas y todo tipo de inmuebles y viviendas en Sabadell","potentialAction":[{"@type":"SearchAction","target":{"@type":"EntryPoint","urlTemplate":"https:\/\/fincamps.com\/?s={search_term_string}"},"query-input":{"@type":"PropertyValueSpecification","valueRequired":true,"valueName":"search_term_string"}}],"inLanguage":"ca"}]}},"_links":{"self":[{"href":"https:\/\/fincamps.com\/ca\/wp-json\/wp\/v2\/pages\/358","targetHints":{"allow":["GET"]}}],"collection":[{"href":"https:\/\/fincamps.com\/ca\/wp-json\/wp\/v2\/pages"}],"about":[{"href":"https:\/\/fincamps.com\/ca\/wp-json\/wp\/v2\/types\/page"}],"author":[{"embeddable":true,"href":"https:\/\/fincamps.com\/ca\/wp-json\/wp\/v2\/users\/1"}],"replies":[{"embeddable":true,"href":"https:\/\/fincamps.com\/ca\/wp-json\/wp\/v2\/comments?post=358"}],"version-history":[{"count":1,"href":"https:\/\/fincamps.com\/ca\/wp-json\/wp\/v2\/pages\/358\/revisions"}],"predecessor-version":[{"id":359,"href":"https:\/\/fincamps.com\/ca\/wp-json\/wp\/v2\/pages\/358\/revisions\/359"}],"wp:attachment":[{"href":"https:\/\/fincamps.com\/ca\/wp-json\/wp\/v2\/media?parent=358"}],"curies":[{"name":"wp","href":"https:\/\/api.w.org\/{rel}","templated":true}]}}