{"id":237,"date":"2020-03-12T09:58:48","date_gmt":"2020-03-12T09:58:48","guid":{"rendered":"http:\/\/fincamps.onlinevalles.com\/?page_id=237&#038;lang=ca"},"modified":"2020-03-12T10:27:24","modified_gmt":"2020-03-12T10:27:24","slug":"venem-limmoble","status":"publish","type":"page","link":"https:\/\/fincamps.com\/ca\/venem-limmoble\/","title":{"rendered":"Venem l&#8217;immoble"},"content":{"rendered":"<div class=\"wpb-content-wrapper\"><p>[vc_row][vc_column]<div class=\"boc_spacing \" style=\"height: 20px\"><\/div>[vc_row_inner][vc_column_inner width=&#8221;1\/2&#8243;][vc_column_text css_animation=&#8221;boc_animate_when_almost_visible boc_left-to-right&#8221;]<\/p>\n<h1 style=\"text-align: left;\">Ven el teu immoble de Sabadell<\/h1>\n<h2>Ven el teu immoble amb totes les facilitats, estem a la teva disposici\u00f3<\/h2>\n<h3><\/h3>\n<p>[\/vc_column_text]<div class=\"boc_list_item  \" >\n\t\t\t\t\t<span class=\"li_icon normal  icon_solid\" style=\"\"><i class=\"icon icon-angle-right-circle\" style=\"\"><\/i><\/span>\n\t\t\t\t\t<div class=\"boc_list_item_text normal\">Gestionem i redactem els contractes de compravenda<\/div>\n\t\t\t\t   <\/div><div class=\"boc_list_item  \" >\n\t\t\t\t\t<span class=\"li_icon normal  icon_solid\" style=\"\"><i class=\"icon icon-angle-right-circle\" style=\"\"><\/i><\/span>\n\t\t\t\t\t<div class=\"boc_list_item_text normal\">Tramitem tots els documents notarials i t&#8217;acompanyem a notari<\/div>\n\t\t\t\t   <\/div><div class=\"boc_list_item  \" >\n\t\t\t\t\t<span class=\"li_icon normal  icon_solid\" style=\"\"><i class=\"icon icon-angle-right-circle\" style=\"\"><\/i><\/span>\n\t\t\t\t\t<div class=\"boc_list_item_text normal\">Taxem l&#8217;immoble en el preu de mercat que millor s&#8217;ajusti a les teves necessitats<\/div>\n\t\t\t\t   <\/div><div class=\"boc_list_item  \" >\n\t\t\t\t\t<span class=\"li_icon normal  icon_solid\" style=\"\"><i class=\"icon icon-angle-right-circle\" style=\"\"><\/i><\/span>\n\t\t\t\t\t<div class=\"boc_list_item_text normal\">Cobrim legalment tot el proc\u00e9s, perqu\u00e8 la seguretat dels teus diners \u00e9s el primer.<\/div>\n\t\t\t\t   <\/div><div class=\"boc_list_item  \" >\n\t\t\t\t\t<span class=\"li_icon normal  icon_solid\" style=\"\"><i class=\"icon icon-angle-right-circle\" style=\"\"><\/i><\/span>\n\t\t\t\t\t<div class=\"boc_list_item_text normal\">Seleccionem als potencials clients per reduir el temps de el proc\u00e9s de vendes.<\/div>\n\t\t\t\t   <\/div><div class=\"boc_list_item  \" >\n\t\t\t\t\t<span class=\"li_icon normal  icon_solid\" style=\"\"><i class=\"icon icon-angle-right-circle\" style=\"\"><\/i><\/span>\n\t\t\t\t\t<div class=\"boc_list_item_text normal\">Mostrem l&#8217;immoble als potencials clients de la m\u00e0 de venedors professionals<\/div>\n\t\t\t\t   <\/div><div class=\"boc_list_item  \" >\n\t\t\t\t\t<span class=\"li_icon normal  icon_solid\" style=\"\"><i class=\"icon icon-angle-right-circle\" style=\"\"><\/i><\/span>\n\t\t\t\t\t<div class=\"boc_list_item_text normal\">Resultats garantits: Estalvia en temps i diners. Aconsegueix vendre pel valor desitjat<\/div>\n\t\t\t\t   <\/div>[\/vc_column_inner][vc_column_inner width=&#8221;1\/2&#8243;][vc_column_text]<\/p>\n<h3 style=\"text-align: left;\">Omple el formulari per obtenir informaci\u00f3 sobre com vendre el teu immoble<\/h3>\n<p>[\/vc_column_text]\n<div class=\"wpcf7 no-js\" id=\"wpcf7-f255-o1\" lang=\"es-ES\" dir=\"ltr\" data-wpcf7-id=\"255\">\n<div class=\"screen-reader-response\"><p role=\"status\" aria-live=\"polite\" aria-atomic=\"true\"><\/p> <ul><\/ul><\/div>\n<form action=\"\/ca\/wp-json\/wp\/v2\/pages\/237#wpcf7-f255-o1\" method=\"post\" class=\"wpcf7-form init\" aria-label=\"Formulario de contacto\" novalidate=\"novalidate\" data-status=\"init\">\n<fieldset class=\"hidden-fields-container\"><input type=\"hidden\" name=\"_wpcf7\" value=\"255\" \/><input type=\"hidden\" name=\"_wpcf7_version\" value=\"6.1.3\" \/><input type=\"hidden\" name=\"_wpcf7_locale\" value=\"es_ES\" \/><input type=\"hidden\" name=\"_wpcf7_unit_tag\" value=\"wpcf7-f255-o1\" \/><input type=\"hidden\" name=\"_wpcf7_container_post\" value=\"0\" \/><input type=\"hidden\" name=\"_wpcf7_posted_data_hash\" value=\"\" \/><input type=\"hidden\" name=\"_wpcf7_recaptcha_response\" value=\"\" \/>\n<\/fieldset>\n<p>Vull vendre\/llogar el meu immoble!\n<\/p>\n<p><label> Nom (requerit)<br \/>\n<span class=\"wpcf7-form-control-wrap\" data-name=\"your-name\"><input size=\"40\" maxlength=\"400\" class=\"wpcf7-form-control wpcf7-text wpcf7-validates-as-required\" aria-required=\"true\" aria-invalid=\"false\" value=\"\" type=\"text\" name=\"your-name\" \/><\/span> <\/label>\n<\/p>\n<p><label> Email (requerit)<br \/>\n<span class=\"wpcf7-form-control-wrap\" data-name=\"your-email\"><input size=\"40\" maxlength=\"400\" class=\"wpcf7-form-control wpcf7-email wpcf7-validates-as-required wpcf7-text wpcf7-validates-as-email\" aria-required=\"true\" aria-invalid=\"false\" value=\"\" type=\"email\" name=\"your-email\" \/><\/span> <\/label>\n<\/p>\n<p><label> Tel\u00e8fon (requeri)<br \/>\n<span class=\"wpcf7-form-control-wrap\" data-name=\"your-subject\"><input size=\"40\" maxlength=\"400\" class=\"wpcf7-form-control wpcf7-text wpcf7-validates-as-required\" aria-required=\"true\" aria-invalid=\"false\" value=\"\" type=\"text\" name=\"your-subject\" \/><\/span> <\/label>\n<\/p>\n<p><label> Tipus de immoble<br \/>\n<span class=\"wpcf7-form-control-wrap\" data-name=\"radio-921\"><span class=\"wpcf7-form-control wpcf7-radio\"><span class=\"wpcf7-list-item first\"><input type=\"radio\" name=\"radio-921\" value=\"vivenda\" checked=\"checked\" \/><span class=\"wpcf7-list-item-label\">vivenda<\/span><\/span><span class=\"wpcf7-list-item\"><input type=\"radio\" name=\"radio-921\" value=\"oficina\" \/><span class=\"wpcf7-list-item-label\">oficina<\/span><\/span><span class=\"wpcf7-list-item\"><input type=\"radio\" name=\"radio-921\" value=\"local\" \/><span class=\"wpcf7-list-item-label\">local<\/span><\/span><span class=\"wpcf7-list-item\"><input type=\"radio\" name=\"radio-921\" value=\"nau\" \/><span class=\"wpcf7-list-item-label\">nau<\/span><\/span><span class=\"wpcf7-list-item last\"><input type=\"radio\" name=\"radio-921\" value=\"terreny\" \/><span class=\"wpcf7-list-item-label\">terreny<\/span><\/span><\/span><\/span><br \/>\n\t<span class=\"wpcf7-form-control-wrap recaptcha\" data-name=\"recaptcha\"><span data-sitekey=\"6LepfOUUAAAAANfKPyNeAYiFQrUvOYmt8h31Q0uw\" class=\"wpcf7-form-control wpcf7-recaptcha g-recaptcha\"><\/span>\r\n<noscript>\r\n\t<div class=\"grecaptcha-noscript\">\r\n\t\t<iframe loading=\"lazy\" src=\"https:\/\/www.google.com\/recaptcha\/api\/fallback?k=6LepfOUUAAAAANfKPyNeAYiFQrUvOYmt8h31Q0uw\" frameborder=\"0\" scrolling=\"no\" width=\"310\" height=\"430\">\r\n\t\t<\/iframe>\r\n\t\t<textarea name=\"g-recaptcha-response\" rows=\"3\" cols=\"40\" placeholder=\"Aqu\u00ed la respuesta de reCAPTCHA\">\r\n\t\t<\/textarea>\r\n\t<\/div>\r\n<\/noscript>\r\n<\/span><br \/>\n<span id=\"wpcf7-69eb3e7227413-wrapper\" class=\"wpcf7-form-control-wrap honeypot-798-wrap\" style=\"display:none !important; visibility:hidden !important;\"><label for=\"wpcf7-69eb3e7227413-field\" class=\"hp-message\">Por favor, deja este campo vac\u00edo.<\/label><input id=\"wpcf7-69eb3e7227413-field\"  class=\"wpcf7-form-control wpcf7-text\" type=\"text\" name=\"honeypot-798\" value=\"\" size=\"40\" tabindex=\"-1\" autocomplete=\"new-password\" \/><\/span><br \/>\n<input class=\"wpcf7-form-control wpcf7-submit has-spinner\" type=\"submit\" value=\"Enviar\" \/><\/label>\n<\/p><p style=\"display: none !important;\" class=\"akismet-fields-container\" data-prefix=\"_wpcf7_ak_\"><label>&#916;<textarea name=\"_wpcf7_ak_hp_textarea\" cols=\"45\" rows=\"8\" maxlength=\"100\"><\/textarea><\/label><input type=\"hidden\" id=\"ak_js_1\" name=\"_wpcf7_ak_js\" value=\"150\"\/><script>document.getElementById( \"ak_js_1\" ).setAttribute( \"value\", ( new Date() ).getTime() );<\/script><\/p><div class=\"wpcf7-response-output\" aria-hidden=\"true\"><\/div>\n<\/form>\n<\/div>\n[\/vc_column_inner][\/vc_row_inner]<div class=\"boc_spacing \" style=\"height: 20px\"><\/div>[\/vc_column][\/vc_row][vc_row][vc_column]<div class=\"boc_spacing \" style=\"height: 20px\"><\/div>[vc_column_text]<\/p>\n<h3 style=\"text-align: center;\">Fincamps \u00e9s la immobili\u00e0ria l\u00edder de Sabadell<\/h3>\n<p>[\/vc_column_text]<div class=\"boc_spacing \" style=\"height: 20px\"><\/div>[vc_row_inner][vc_column_inner width=&#8221;1\/4&#8243;][vc_single_image alignment=&#8221;center&#8221; image=&#8221;61&#8243;][\/vc_column_inner][vc_column_inner width=&#8221;1\/4&#8243;][vc_single_image alignment=&#8221;center&#8221; image=&#8221;62&#8243;][\/vc_column_inner][vc_column_inner width=&#8221;1\/4&#8243;][vc_single_image alignment=&#8221;center&#8221; image=&#8221;63&#8243;][\/vc_column_inner][vc_column_inner width=&#8221;1\/4&#8243;][vc_single_image alignment=&#8221;center&#8221; image=&#8221;64&#8243;][\/vc_column_inner][\/vc_row_inner]<div class=\"boc_spacing \" style=\"height: 20px\"><\/div>[\/vc_column][\/vc_row]<\/p>\n<\/div>","protected":false},"excerpt":{"rendered":"<p>[vc_row][vc_column][vc_row_inner][vc_column_inner width=&#8221;1\/2&#8243;][vc_column_text css_animation=&#8221;boc_animate_when_almost_visible boc_left-to-right&#8221;] Ven el teu immoble de Sabadell Ven el teu immoble amb totes les facilitats, estem a la teva disposici\u00f3 [\/vc_column_text][\/vc_column_inner][vc_column_inner width=&#8221;1\/2&#8243;][vc_column_text] Omple el formulari per obtenir informaci\u00f3 sobre com vendre el teu immoble [\/vc_column_text][\/vc_column_inner][\/vc_row_inner][\/vc_column][\/vc_row][vc_row][vc_column][vc_column_text] Fincamps \u00e9s la immobili\u00e0ria l\u00edder de Sabadell [\/vc_column_text][vc_row_inner][vc_column_inner width=&#8221;1\/4&#8243;][vc_single_image alignment=&#8221;center&#8221; image=&#8221;61&#8243;][\/vc_column_inner][vc_column_inner width=&#8221;1\/4&#8243;][vc_single_image alignment=&#8221;center&#8221; image=&#8221;62&#8243;][\/vc_column_inner][vc_column_inner width=&#8221;1\/4&#8243;][vc_single_image alignment=&#8221;center&#8221; image=&#8221;63&#8243;][\/vc_column_inner][vc_column_inner width=&#8221;1\/4&#8243;][vc_single_image alignment=&#8221;center&#8221; image=&#8221;64&#8243;][\/vc_column_inner][\/vc_row_inner][\/vc_column][\/vc_row]<\/p>\n","protected":false},"author":1,"featured_media":0,"parent":0,"menu_order":0,"comment_status":"closed","ping_status":"closed","template":"","meta":{"footnotes":""},"class_list":["post-237","page","type-page","status-publish","hentry"],"yoast_head":"<!-- This site is optimized with the Yoast SEO plugin v26.2 - https:\/\/yoast.com\/wordpress\/plugins\/seo\/ -->\n<title>Venem l&#039;immoble - FINCAMPS - Inmobiliaria de Sabadell<\/title>\n<meta name=\"robots\" content=\"index, follow, max-snippet:-1, max-image-preview:large, max-video-preview:-1\" \/>\n<link rel=\"canonical\" href=\"https:\/\/fincamps.com\/ca\/venem-limmoble\/\" \/>\n<meta property=\"og:locale\" content=\"ca_ES\" \/>\n<meta property=\"og:type\" content=\"article\" \/>\n<meta property=\"og:title\" content=\"Venem l&#039;immoble - FINCAMPS - Inmobiliaria de Sabadell\" \/>\n<meta property=\"og:description\" content=\"[vc_row][vc_column][vc_row_inner][vc_column_inner width=&#8221;1\/2&#8243;][vc_column_text css_animation=&#8221;boc_animate_when_almost_visible boc_left-to-right&#8221;] Ven el teu immoble de Sabadell Ven el teu immoble amb totes les facilitats, estem a la teva disposici\u00f3 [\/vc_column_text][\/vc_column_inner][vc_column_inner width=&#8221;1\/2&#8243;][vc_column_text] Omple el formulari per obtenir informaci\u00f3 sobre com vendre el teu immoble [\/vc_column_text][\/vc_column_inner][\/vc_row_inner][\/vc_column][\/vc_row][vc_row][vc_column][vc_column_text] Fincamps \u00e9s la immobili\u00e0ria l\u00edder de Sabadell [\/vc_column_text][vc_row_inner][vc_column_inner width=&#8221;1\/4&#8243;][vc_single_image alignment=&#8221;center&#8221; image=&#8221;61&#8243;][\/vc_column_inner][vc_column_inner width=&#8221;1\/4&#8243;][vc_single_image alignment=&#8221;center&#8221; image=&#8221;62&#8243;][\/vc_column_inner][vc_column_inner width=&#8221;1\/4&#8243;][vc_single_image alignment=&#8221;center&#8221; image=&#8221;63&#8243;][\/vc_column_inner][vc_column_inner width=&#8221;1\/4&#8243;][vc_single_image alignment=&#8221;center&#8221; image=&#8221;64&#8243;][\/vc_column_inner][\/vc_row_inner][\/vc_column][\/vc_row]\" \/>\n<meta property=\"og:url\" content=\"https:\/\/fincamps.com\/ca\/venem-limmoble\/\" \/>\n<meta property=\"og:site_name\" content=\"FINCAMPS - Inmobiliaria de Sabadell\" \/>\n<meta property=\"article:modified_time\" content=\"2020-03-12T10:27:24+00:00\" \/>\n<meta name=\"twitter:card\" content=\"summary_large_image\" \/>\n<meta name=\"twitter:label1\" content=\"Temps estimat de lectura\" \/>\n\t<meta name=\"twitter:data1\" content=\"2 minuts\" \/>\n<script type=\"application\/ld+json\" class=\"yoast-schema-graph\">{\"@context\":\"https:\/\/schema.org\",\"@graph\":[{\"@type\":\"WebPage\",\"@id\":\"https:\/\/fincamps.com\/ca\/venem-limmoble\/\",\"url\":\"https:\/\/fincamps.com\/ca\/venem-limmoble\/\",\"name\":\"Venem l'immoble - FINCAMPS - Inmobiliaria de Sabadell\",\"isPartOf\":{\"@id\":\"https:\/\/fincamps.com\/#website\"},\"datePublished\":\"2020-03-12T09:58:48+00:00\",\"dateModified\":\"2020-03-12T10:27:24+00:00\",\"breadcrumb\":{\"@id\":\"https:\/\/fincamps.com\/ca\/venem-limmoble\/#breadcrumb\"},\"inLanguage\":\"ca\",\"potentialAction\":[{\"@type\":\"ReadAction\",\"target\":[\"https:\/\/fincamps.com\/ca\/venem-limmoble\/\"]}]},{\"@type\":\"BreadcrumbList\",\"@id\":\"https:\/\/fincamps.com\/ca\/venem-limmoble\/#breadcrumb\",\"itemListElement\":[{\"@type\":\"ListItem\",\"position\":1,\"name\":\"Portada\",\"item\":\"https:\/\/fincamps.com\/ca\/\"},{\"@type\":\"ListItem\",\"position\":2,\"name\":\"Venem l&#8217;immoble\"}]},{\"@type\":\"WebSite\",\"@id\":\"https:\/\/fincamps.com\/#website\",\"url\":\"https:\/\/fincamps.com\/\",\"name\":\"FINCAMPS - Inmobiliaria de Sabadell\",\"description\":\"Inmobiliaria de Sabadell, especializada en la compra y venta de pisos, casas, oficinas y todo tipo de inmuebles y viviendas en Sabadell\",\"potentialAction\":[{\"@type\":\"SearchAction\",\"target\":{\"@type\":\"EntryPoint\",\"urlTemplate\":\"https:\/\/fincamps.com\/?s={search_term_string}\"},\"query-input\":{\"@type\":\"PropertyValueSpecification\",\"valueRequired\":true,\"valueName\":\"search_term_string\"}}],\"inLanguage\":\"ca\"}]}<\/script>\n<!-- \/ Yoast SEO plugin. -->","yoast_head_json":{"title":"Venem l'immoble - FINCAMPS - Inmobiliaria de Sabadell","robots":{"index":"index","follow":"follow","max-snippet":"max-snippet:-1","max-image-preview":"max-image-preview:large","max-video-preview":"max-video-preview:-1"},"canonical":"https:\/\/fincamps.com\/ca\/venem-limmoble\/","og_locale":"ca_ES","og_type":"article","og_title":"Venem l'immoble - FINCAMPS - Inmobiliaria de Sabadell","og_description":"[vc_row][vc_column][vc_row_inner][vc_column_inner width=&#8221;1\/2&#8243;][vc_column_text css_animation=&#8221;boc_animate_when_almost_visible boc_left-to-right&#8221;] Ven el teu immoble de Sabadell Ven el teu immoble amb totes les facilitats, estem a la teva disposici\u00f3 [\/vc_column_text][\/vc_column_inner][vc_column_inner width=&#8221;1\/2&#8243;][vc_column_text] Omple el formulari per obtenir informaci\u00f3 sobre com vendre el teu immoble [\/vc_column_text][\/vc_column_inner][\/vc_row_inner][\/vc_column][\/vc_row][vc_row][vc_column][vc_column_text] Fincamps \u00e9s la immobili\u00e0ria l\u00edder de Sabadell [\/vc_column_text][vc_row_inner][vc_column_inner width=&#8221;1\/4&#8243;][vc_single_image alignment=&#8221;center&#8221; image=&#8221;61&#8243;][\/vc_column_inner][vc_column_inner width=&#8221;1\/4&#8243;][vc_single_image alignment=&#8221;center&#8221; image=&#8221;62&#8243;][\/vc_column_inner][vc_column_inner width=&#8221;1\/4&#8243;][vc_single_image alignment=&#8221;center&#8221; image=&#8221;63&#8243;][\/vc_column_inner][vc_column_inner width=&#8221;1\/4&#8243;][vc_single_image alignment=&#8221;center&#8221; image=&#8221;64&#8243;][\/vc_column_inner][\/vc_row_inner][\/vc_column][\/vc_row]","og_url":"https:\/\/fincamps.com\/ca\/venem-limmoble\/","og_site_name":"FINCAMPS - Inmobiliaria de Sabadell","article_modified_time":"2020-03-12T10:27:24+00:00","twitter_card":"summary_large_image","twitter_misc":{"Temps estimat de lectura":"2 minuts"},"schema":{"@context":"https:\/\/schema.org","@graph":[{"@type":"WebPage","@id":"https:\/\/fincamps.com\/ca\/venem-limmoble\/","url":"https:\/\/fincamps.com\/ca\/venem-limmoble\/","name":"Venem l'immoble - FINCAMPS - Inmobiliaria de Sabadell","isPartOf":{"@id":"https:\/\/fincamps.com\/#website"},"datePublished":"2020-03-12T09:58:48+00:00","dateModified":"2020-03-12T10:27:24+00:00","breadcrumb":{"@id":"https:\/\/fincamps.com\/ca\/venem-limmoble\/#breadcrumb"},"inLanguage":"ca","potentialAction":[{"@type":"ReadAction","target":["https:\/\/fincamps.com\/ca\/venem-limmoble\/"]}]},{"@type":"BreadcrumbList","@id":"https:\/\/fincamps.com\/ca\/venem-limmoble\/#breadcrumb","itemListElement":[{"@type":"ListItem","position":1,"name":"Portada","item":"https:\/\/fincamps.com\/ca\/"},{"@type":"ListItem","position":2,"name":"Venem l&#8217;immoble"}]},{"@type":"WebSite","@id":"https:\/\/fincamps.com\/#website","url":"https:\/\/fincamps.com\/","name":"FINCAMPS - Inmobiliaria de Sabadell","description":"Inmobiliaria de Sabadell, especializada en la compra y venta de pisos, casas, oficinas y todo tipo de inmuebles y viviendas en Sabadell","potentialAction":[{"@type":"SearchAction","target":{"@type":"EntryPoint","urlTemplate":"https:\/\/fincamps.com\/?s={search_term_string}"},"query-input":{"@type":"PropertyValueSpecification","valueRequired":true,"valueName":"search_term_string"}}],"inLanguage":"ca"}]}},"_links":{"self":[{"href":"https:\/\/fincamps.com\/ca\/wp-json\/wp\/v2\/pages\/237","targetHints":{"allow":["GET"]}}],"collection":[{"href":"https:\/\/fincamps.com\/ca\/wp-json\/wp\/v2\/pages"}],"about":[{"href":"https:\/\/fincamps.com\/ca\/wp-json\/wp\/v2\/types\/page"}],"author":[{"embeddable":true,"href":"https:\/\/fincamps.com\/ca\/wp-json\/wp\/v2\/users\/1"}],"replies":[{"embeddable":true,"href":"https:\/\/fincamps.com\/ca\/wp-json\/wp\/v2\/comments?post=237"}],"version-history":[{"count":2,"href":"https:\/\/fincamps.com\/ca\/wp-json\/wp\/v2\/pages\/237\/revisions"}],"predecessor-version":[{"id":259,"href":"https:\/\/fincamps.com\/ca\/wp-json\/wp\/v2\/pages\/237\/revisions\/259"}],"wp:attachment":[{"href":"https:\/\/fincamps.com\/ca\/wp-json\/wp\/v2\/media?parent=237"}],"curies":[{"name":"wp","href":"https:\/\/api.w.org\/{rel}","templated":true}]}}